{"id":50,"date":"2016-10-15T12:44:43","date_gmt":"2016-10-15T15:44:43","guid":{"rendered":"http:\/\/tritury.com.br\/?page_id=50"},"modified":"2018-06-02T17:57:47","modified_gmt":"2018-06-02T20:57:47","slug":"medio-ambiente","status":"publish","type":"page","link":"https:\/\/tritury.com.br\/es\/medio-ambiente\/","title":{"rendered":"Medio Ambiente"},"content":{"rendered":"<section class=\"l-section wpb_row height_medium\"><div class=\"l-section-h i-cf\"><div class=\"g-cols offset_small\"><div class=\"vc_col-sm-6 wpb_column vc_column_container\"><div class=\"vc_column-inner\"><div class=\"wpb_text_column \"><div class=\"wpb_wrapper\"><p>Estudios realizados en el mundo demuestran que los trituradores no producen consecuencias negativas para las redes de desag\u00fce, estaciones de tratamiento o el medio ambiente.<\/p>\n<p>Al contrario, estudios internacionales comprueban que los trituradores de desechos org\u00e1nicos tienen un impacto positivo en el medio ambiente, dado que 80% de los residuos org\u00e1nicos filtrados por trituradores es, de hecho, agua.<\/p>\n<p>El volumen total de los desechos org\u00e1nicos originados por el uso de trituradores es much\u00edsimo menor que el provocado por el uso de retretes.<\/p>\n<p>Vale la pena recordar que casi la mitad de los residuos dom\u00e9sticos producidos son de origen org\u00e1nico, lo que posibilita que toda esta cantidad de residuos sea filtrada directamente por el desag\u00fce.<\/p>\n<p>Adem\u00e1s, los desechos org\u00e1nicos provenientes de los desechos triturados contienen minerales y aumentan el potencial de la producci\u00f3n de metano en las plantas de tratamiento de aguas residuales.<\/p>\n<p>Debemos dar importancia al medio ambiente, no obstante, m\u00e1s all\u00e1 de la concientizaci\u00f3n, es necesario crear h\u00e1bitos que aseguren su preservaci\u00f3n.<\/p>\n<p style=\"text-align: justify;\">Al adquirir un triturador\u00a0<strong>Tritury\u00ae Tweeny\u00ae<\/strong>, usted contribuir\u00e1 directamente con el medio ambiente, ya que aproximadamente 50 % de los desechos de su casa o los de un restaurante son org\u00e1nicos. Los puntos para destacar de esta afirmaci\u00f3n son:<\/p>\n<p style=\"text-align: justify;\">Al instalar un triturador\u00a0<strong>Tritury\u00ae Tweeny\u00ae<\/strong>,\u00a0se crea un ambiente ecol\u00f3gicamente saludable, que facilita la preservaci\u00f3n del medio ambiente.<\/p>\n<\/p><\/div> <\/div> <\/div><\/div><div class=\"vc_col-sm-6 wpb_column vc_column_container\"><div class=\"vc_column-inner\"><div class=\"wpb_text_column \"><div class=\"wpb_wrapper\"><p>Los residuos de su casa ser\u00e1n secos lo que facilitar\u00e1 la separaci\u00f3n de los \u00edtems para el reciclaje.<\/p>\n<p>Los desechos org\u00e1nicos ser\u00e1n tratados de un modo higi\u00e9nico, pues ir\u00e1n directamente para el desag\u00fce, en vez de permanecer en baldes liberando olor y facilitando la proliferaci\u00f3n de insectos, bacterias y roedores.<\/p>\n<p>Una menor cantidad de desechos org\u00e1nicos ser\u00e1 enviada para los rellenos sanitarios, lo que colaborar\u00e1 en la reducci\u00f3n de gases liberados a la atmosfera, como por ejemplo, el gas metano.\u00a0<strong>El resultado pr\u00e1ctico es: \u00a1Ayudar a reducir el efecto invernadero!<\/strong><\/p>\n<p>En un reportaje publicado en la revista Veja-SP (Edici\u00f3n 2131, de 23 de septiembre de 2009), sobre los residuos y el medio ambiente, fue tratado el asunto de los trituradores de desechos:<\/p>\n<p style=\"text-align: justify;\"><strong><em>&#8220;Por qu\u00e9 vale la pena:\u00a0<\/em><\/strong><em>porque facilita el tratamiento de una parte de los desechos org\u00e1nicos producidos en una casa, siempre que, l\u00a0<strong>\u00bfEn cu\u00e1nto reduce la contaminaci\u00f3n ambiental?<\/strong><br \/>\nCon un triturador, una familia puede reducir 40% del volumen de desechos org\u00e1nicos. Esto significa menos desechos en los rellenos sanitarios \u2013 y, en consecuencia, menor cantidad de materia org\u00e1nica descompuesta en forma de lixiviado (l\u00edquido asqueroso que contamina arroyos y r\u00edos) y gases de efecto invernadero.&#8221;<\/em><\/p>\n<h4 style=\"text-align: center;\">El\u00a0<strong>TRITURADOR TRITURY\u00ae\u00a0TWEENY\u00ae <\/strong>es un m\u00e9todo seguro, moderno y sustentable para un futuro cada vez mejor.<\/h4>\n<\/p><\/div> <\/div> <\/div><\/div><\/div><\/div><\/section>\n","protected":false},"excerpt":{"rendered":"Estudios realizados en el mundo demuestran que los trituradores no producen consecuencias negativas para las redes de desag\u00fce, estaciones de tratamiento o el medio ambiente. Al contrario, estudios internacionales comprueban que los trituradores de desechos org\u00e1nicos tienen un impacto positivo en el medio ambiente, dado que 80% de los residuos org\u00e1nicos filtrados por trituradores es,...","protected":false},"author":1,"featured_media":0,"parent":0,"menu_order":0,"comment_status":"closed","ping_status":"closed","template":"","meta":{"_joinchat":[],"footnotes":""},"yoast_head":"<!-- This site is optimized with the Yoast SEO plugin v24.5 - https:\/\/yoast.com\/wordpress\/plugins\/seo\/ -->\n<title>Medio Ambiente - Tritury Tweeny<\/title>\n<meta name=\"robots\" content=\"index, follow, max-snippet:-1, max-image-preview:large, max-video-preview:-1\" \/>\n<link rel=\"canonical\" href=\"https:\/\/tritury.com.br\/es\/medio-ambiente\/\" \/>\n<meta property=\"og:locale\" content=\"es_ES\" \/>\n<meta property=\"og:type\" content=\"article\" \/>\n<meta property=\"og:title\" content=\"Medio Ambiente - Tritury Tweeny\" \/>\n<meta property=\"og:url\" content=\"https:\/\/tritury.com.br\/es\/medio-ambiente\/\" \/>\n<meta property=\"og:site_name\" content=\"Tritury Tweeny\" \/>\n<meta property=\"article:modified_time\" content=\"2018-06-02T20:57:47+00:00\" \/>\n<meta name=\"twitter:card\" content=\"summary_large_image\" \/>\n<meta name=\"twitter:label1\" content=\"Est. reading time\" \/>\n\t<meta name=\"twitter:data1\" content=\"2 minutes\" \/>\n<script type=\"application\/ld+json\" class=\"yoast-schema-graph\">{\"@context\":\"https:\/\/schema.org\",\"@graph\":[{\"@type\":\"WebPage\",\"@id\":\"https:\/\/tritury.com.br\/es\/medio-ambiente\/\",\"url\":\"https:\/\/tritury.com.br\/es\/medio-ambiente\/\",\"name\":\"Medio Ambiente - Tritury Tweeny\",\"isPartOf\":{\"@id\":\"https:\/\/tritury.com.br\/es\/#website\"},\"datePublished\":\"2016-10-15T15:44:43+00:00\",\"dateModified\":\"2018-06-02T20:57:47+00:00\",\"breadcrumb\":{\"@id\":\"https:\/\/tritury.com.br\/es\/medio-ambiente\/#breadcrumb\"},\"inLanguage\":\"es-ES\",\"potentialAction\":[{\"@type\":\"ReadAction\",\"target\":[\"https:\/\/tritury.com.br\/es\/medio-ambiente\/\"]}]},{\"@type\":\"BreadcrumbList\",\"@id\":\"https:\/\/tritury.com.br\/es\/medio-ambiente\/#breadcrumb\",\"itemListElement\":[{\"@type\":\"ListItem\",\"position\":1,\"name\":\"In\u00edcio\",\"item\":\"https:\/\/tritury.com.br\/es\/\"},{\"@type\":\"ListItem\",\"position\":2,\"name\":\"Medio Ambiente\"}]},{\"@type\":\"WebSite\",\"@id\":\"https:\/\/tritury.com.br\/es\/#website\",\"url\":\"https:\/\/tritury.com.br\/es\/\",\"name\":\"Tritury Tweeny\",\"description\":\"Trituradores de Desechos\",\"potentialAction\":[{\"@type\":\"SearchAction\",\"target\":{\"@type\":\"EntryPoint\",\"urlTemplate\":\"https:\/\/tritury.com.br\/es\/?s={search_term_string}\"},\"query-input\":{\"@type\":\"PropertyValueSpecification\",\"valueRequired\":true,\"valueName\":\"search_term_string\"}}],\"inLanguage\":\"es-ES\"}]}<\/script>\n<!-- \/ Yoast SEO plugin. -->","yoast_head_json":{"title":"Medio Ambiente - Tritury Tweeny","robots":{"index":"index","follow":"follow","max-snippet":"max-snippet:-1","max-image-preview":"max-image-preview:large","max-video-preview":"max-video-preview:-1"},"canonical":"https:\/\/tritury.com.br\/es\/medio-ambiente\/","og_locale":"es_ES","og_type":"article","og_title":"Medio Ambiente - Tritury Tweeny","og_url":"https:\/\/tritury.com.br\/es\/medio-ambiente\/","og_site_name":"Tritury Tweeny","article_modified_time":"2018-06-02T20:57:47+00:00","twitter_card":"summary_large_image","twitter_misc":{"Est. reading time":"2 minutes"},"schema":{"@context":"https:\/\/schema.org","@graph":[{"@type":"WebPage","@id":"https:\/\/tritury.com.br\/es\/medio-ambiente\/","url":"https:\/\/tritury.com.br\/es\/medio-ambiente\/","name":"Medio Ambiente - Tritury Tweeny","isPartOf":{"@id":"https:\/\/tritury.com.br\/es\/#website"},"datePublished":"2016-10-15T15:44:43+00:00","dateModified":"2018-06-02T20:57:47+00:00","breadcrumb":{"@id":"https:\/\/tritury.com.br\/es\/medio-ambiente\/#breadcrumb"},"inLanguage":"es-ES","potentialAction":[{"@type":"ReadAction","target":["https:\/\/tritury.com.br\/es\/medio-ambiente\/"]}]},{"@type":"BreadcrumbList","@id":"https:\/\/tritury.com.br\/es\/medio-ambiente\/#breadcrumb","itemListElement":[{"@type":"ListItem","position":1,"name":"In\u00edcio","item":"https:\/\/tritury.com.br\/es\/"},{"@type":"ListItem","position":2,"name":"Medio Ambiente"}]},{"@type":"WebSite","@id":"https:\/\/tritury.com.br\/es\/#website","url":"https:\/\/tritury.com.br\/es\/","name":"Tritury Tweeny","description":"Trituradores de Desechos","potentialAction":[{"@type":"SearchAction","target":{"@type":"EntryPoint","urlTemplate":"https:\/\/tritury.com.br\/es\/?s={search_term_string}"},"query-input":{"@type":"PropertyValueSpecification","valueRequired":true,"valueName":"search_term_string"}}],"inLanguage":"es-ES"}]}},"_links":{"self":[{"href":"https:\/\/tritury.com.br\/es\/wp-json\/wp\/v2\/pages\/50"}],"collection":[{"href":"https:\/\/tritury.com.br\/es\/wp-json\/wp\/v2\/pages"}],"about":[{"href":"https:\/\/tritury.com.br\/es\/wp-json\/wp\/v2\/types\/page"}],"author":[{"embeddable":true,"href":"https:\/\/tritury.com.br\/es\/wp-json\/wp\/v2\/users\/1"}],"replies":[{"embeddable":true,"href":"https:\/\/tritury.com.br\/es\/wp-json\/wp\/v2\/comments?post=50"}],"version-history":[{"count":3,"href":"https:\/\/tritury.com.br\/es\/wp-json\/wp\/v2\/pages\/50\/revisions"}],"predecessor-version":[{"id":2734,"href":"https:\/\/tritury.com.br\/es\/wp-json\/wp\/v2\/pages\/50\/revisions\/2734"}],"wp:attachment":[{"href":"https:\/\/tritury.com.br\/es\/wp-json\/wp\/v2\/media?parent=50"}],"curies":[{"name":"wp","href":"https:\/\/api.w.org\/{rel}","templated":true}]}}