{"id":2348,"date":"2016-10-21T11:10:28","date_gmt":"2016-10-21T13:10:28","guid":{"rendered":"http:\/\/tritury.com.br\/?page_id=2348"},"modified":"2018-06-02T16:53:34","modified_gmt":"2018-06-02T19:53:34","slug":"instrucciones","status":"publish","type":"page","link":"https:\/\/tritury.com.br\/es\/instrucciones\/","title":{"rendered":"Instrucciones"},"content":{"rendered":"<section class=\"l-section wpb_row height_medium\"><div class=\"l-section-h i-cf\"><div class=\"g-cols offset_small\"><div class=\"vc_col-sm-6 wpb_column vc_column_container\"><div class=\"vc_column-inner\"><div class=\"w-iconbox iconpos_top style_default color_custom\"><div class=\"w-iconbox-icon\" style=\"font-size:70px;color:#81d742;\"><i class=\"fa fa-check-circle\"><\/i><\/div><h4 class=\"w-iconbox-title\">HACER<\/h4><div class=\"w-iconbox-text\">1. Abra la canilla de agua fr\u00eda y deje correr el agua donde est\u00e1 instalada su TRITURY;<\/p>\n<p>2. Encienda la trituradora;<\/p>\n<p>3. Retire cualquier residuo de la v\u00e1lvula de desag\u00fce;<\/p>\n<p>4. Deje su TRITURY encendida hasta o\u00edr solamente el ruido del motor y del agua corriendo. Este proceso lleva algunos segundos despu\u00e9s de la introducci\u00f3n de los desechos;<\/p>\n<p>5. Apague su TRITURY;<\/p>\n<p>6. Cierre la canilla de agua.<\/div><\/div><\/div><\/div><div class=\"vc_col-sm-6 wpb_column vc_column_container\"><div class=\"vc_column-inner\"><div class=\"w-iconbox iconpos_top style_default color_custom\"><div class=\"w-iconbox-icon\" style=\"font-size:70px;color:#dd3333;\"><i class=\"fa fa-exclamation-triangle\"><\/i><\/div><h4 class=\"w-iconbox-title\">NO HACER<\/h4><div class=\"w-iconbox-text\">1. NO apagar antes de que el proceso de trituraci\u00f3n est\u00e9 completo. Espere a que TODOS los restos est\u00e9n triturados antes de apagar la trituradora.<\/p>\n<p>2. NO tritura materiales extremadamente fibrosos (por ejemplo: espigas de ma\u00edz). Estos materiales forman una capa dura de fibra que drena adecuadamente, perjudicando el proceso de trituraci\u00f3n.<\/p>\n<p>3. NO triture conchas de ostras o de moluscos, vidrios, metales, pl\u00e1sticos, telas, papeles.<\/p>\n<p>4. NO elimine grandes cantidades de grasa o aceite caliente a trav\u00e9s de las trituradoras de desechos.<\/div><\/div><\/div><\/div><\/div><\/div><\/section>\n","protected":false},"excerpt":{"rendered":"HACER1. Abra la canilla de agua fr\u00eda y deje correr el agua donde est\u00e1 instalada su TRITURY; 2. Encienda la trituradora; 3. Retire cualquier residuo de la v\u00e1lvula de desag\u00fce; 4. Deje su TRITURY encendida hasta o\u00edr solamente el ruido del motor y del agua corriendo. Este proceso lleva algunos segundos despu\u00e9s de la introducci\u00f3n...","protected":false},"author":1,"featured_media":0,"parent":0,"menu_order":0,"comment_status":"closed","ping_status":"closed","template":"","meta":{"_joinchat":[],"footnotes":""},"yoast_head":"<!-- This site is optimized with the Yoast SEO plugin v24.5 - https:\/\/yoast.com\/wordpress\/plugins\/seo\/ -->\n<title>Instrucciones - Tritury Tweeny<\/title>\n<meta name=\"robots\" content=\"index, follow, max-snippet:-1, max-image-preview:large, max-video-preview:-1\" \/>\n<link rel=\"canonical\" href=\"https:\/\/tritury.com.br\/es\/instrucciones\/\" \/>\n<meta property=\"og:locale\" content=\"es_ES\" \/>\n<meta property=\"og:type\" content=\"article\" \/>\n<meta property=\"og:title\" content=\"Instrucciones - Tritury Tweeny\" \/>\n<meta property=\"og:url\" content=\"https:\/\/tritury.com.br\/es\/instrucciones\/\" \/>\n<meta property=\"og:site_name\" content=\"Tritury Tweeny\" \/>\n<meta property=\"article:modified_time\" content=\"2018-06-02T19:53:34+00:00\" \/>\n<meta name=\"twitter:card\" content=\"summary_large_image\" \/>\n<meta name=\"twitter:label1\" content=\"Est. reading time\" \/>\n\t<meta name=\"twitter:data1\" content=\"1 minute\" \/>\n<script type=\"application\/ld+json\" class=\"yoast-schema-graph\">{\"@context\":\"https:\/\/schema.org\",\"@graph\":[{\"@type\":\"WebPage\",\"@id\":\"https:\/\/tritury.com.br\/es\/instrucciones\/\",\"url\":\"https:\/\/tritury.com.br\/es\/instrucciones\/\",\"name\":\"Instrucciones - Tritury Tweeny\",\"isPartOf\":{\"@id\":\"https:\/\/tritury.com.br\/es\/#website\"},\"datePublished\":\"2016-10-21T13:10:28+00:00\",\"dateModified\":\"2018-06-02T19:53:34+00:00\",\"breadcrumb\":{\"@id\":\"https:\/\/tritury.com.br\/es\/instrucciones\/#breadcrumb\"},\"inLanguage\":\"es-ES\",\"potentialAction\":[{\"@type\":\"ReadAction\",\"target\":[\"https:\/\/tritury.com.br\/es\/instrucciones\/\"]}]},{\"@type\":\"BreadcrumbList\",\"@id\":\"https:\/\/tritury.com.br\/es\/instrucciones\/#breadcrumb\",\"itemListElement\":[{\"@type\":\"ListItem\",\"position\":1,\"name\":\"In\u00edcio\",\"item\":\"https:\/\/tritury.com.br\/es\/\"},{\"@type\":\"ListItem\",\"position\":2,\"name\":\"Instrucciones\"}]},{\"@type\":\"WebSite\",\"@id\":\"https:\/\/tritury.com.br\/es\/#website\",\"url\":\"https:\/\/tritury.com.br\/es\/\",\"name\":\"Tritury Tweeny\",\"description\":\"Trituradores de Desechos\",\"potentialAction\":[{\"@type\":\"SearchAction\",\"target\":{\"@type\":\"EntryPoint\",\"urlTemplate\":\"https:\/\/tritury.com.br\/es\/?s={search_term_string}\"},\"query-input\":{\"@type\":\"PropertyValueSpecification\",\"valueRequired\":true,\"valueName\":\"search_term_string\"}}],\"inLanguage\":\"es-ES\"}]}<\/script>\n<!-- \/ Yoast SEO plugin. -->","yoast_head_json":{"title":"Instrucciones - Tritury Tweeny","robots":{"index":"index","follow":"follow","max-snippet":"max-snippet:-1","max-image-preview":"max-image-preview:large","max-video-preview":"max-video-preview:-1"},"canonical":"https:\/\/tritury.com.br\/es\/instrucciones\/","og_locale":"es_ES","og_type":"article","og_title":"Instrucciones - Tritury Tweeny","og_url":"https:\/\/tritury.com.br\/es\/instrucciones\/","og_site_name":"Tritury Tweeny","article_modified_time":"2018-06-02T19:53:34+00:00","twitter_card":"summary_large_image","twitter_misc":{"Est. reading time":"1 minute"},"schema":{"@context":"https:\/\/schema.org","@graph":[{"@type":"WebPage","@id":"https:\/\/tritury.com.br\/es\/instrucciones\/","url":"https:\/\/tritury.com.br\/es\/instrucciones\/","name":"Instrucciones - Tritury Tweeny","isPartOf":{"@id":"https:\/\/tritury.com.br\/es\/#website"},"datePublished":"2016-10-21T13:10:28+00:00","dateModified":"2018-06-02T19:53:34+00:00","breadcrumb":{"@id":"https:\/\/tritury.com.br\/es\/instrucciones\/#breadcrumb"},"inLanguage":"es-ES","potentialAction":[{"@type":"ReadAction","target":["https:\/\/tritury.com.br\/es\/instrucciones\/"]}]},{"@type":"BreadcrumbList","@id":"https:\/\/tritury.com.br\/es\/instrucciones\/#breadcrumb","itemListElement":[{"@type":"ListItem","position":1,"name":"In\u00edcio","item":"https:\/\/tritury.com.br\/es\/"},{"@type":"ListItem","position":2,"name":"Instrucciones"}]},{"@type":"WebSite","@id":"https:\/\/tritury.com.br\/es\/#website","url":"https:\/\/tritury.com.br\/es\/","name":"Tritury Tweeny","description":"Trituradores de Desechos","potentialAction":[{"@type":"SearchAction","target":{"@type":"EntryPoint","urlTemplate":"https:\/\/tritury.com.br\/es\/?s={search_term_string}"},"query-input":{"@type":"PropertyValueSpecification","valueRequired":true,"valueName":"search_term_string"}}],"inLanguage":"es-ES"}]}},"_links":{"self":[{"href":"https:\/\/tritury.com.br\/es\/wp-json\/wp\/v2\/pages\/2348"}],"collection":[{"href":"https:\/\/tritury.com.br\/es\/wp-json\/wp\/v2\/pages"}],"about":[{"href":"https:\/\/tritury.com.br\/es\/wp-json\/wp\/v2\/types\/page"}],"author":[{"embeddable":true,"href":"https:\/\/tritury.com.br\/es\/wp-json\/wp\/v2\/users\/1"}],"replies":[{"embeddable":true,"href":"https:\/\/tritury.com.br\/es\/wp-json\/wp\/v2\/comments?post=2348"}],"version-history":[{"count":2,"href":"https:\/\/tritury.com.br\/es\/wp-json\/wp\/v2\/pages\/2348\/revisions"}],"predecessor-version":[{"id":2651,"href":"https:\/\/tritury.com.br\/es\/wp-json\/wp\/v2\/pages\/2348\/revisions\/2651"}],"wp:attachment":[{"href":"https:\/\/tritury.com.br\/es\/wp-json\/wp\/v2\/media?parent=2348"}],"curies":[{"name":"wp","href":"https:\/\/api.w.org\/{rel}","templated":true}]}}