{"id":2341,"date":"2016-10-21T11:03:53","date_gmt":"2016-10-21T13:03:53","guid":{"rendered":"http:\/\/tritury.com.br\/?page_id=2341"},"modified":"2018-06-04T17:08:19","modified_gmt":"2018-06-04T20:08:19","slug":"instalacion-naval","status":"publish","type":"page","link":"https:\/\/tritury.com.br\/es\/instalacion\/instalacion-naval\/","title":{"rendered":"Instalaci\u00f3n Naval"},"content":{"rendered":"<p><script>\nfunction cont(){\n   var conteudo = document.getElementById('print').innerHTML;\n   tela_impressao = window.open('about:blank');\n   tela_impressao.document.write(conteudo);\n   tela_impressao.window.print();\n   tela_impressao.window.close();\n}\n<\/script><\/p>\n<p style=\"text-align: center;\"><input type=\"button\" onclick=\"cont();\" value=\"Imprimir P\u00e1gina\" class=\"w-btn\"><\/p>\n<div id=\"print\" class=\"conteudo\">\n<h2 style=\"text-align: center;\">Esquema para Instalaci\u00f3n El\u00e9ctrica<\/h2>\n<p><img loading=\"lazy\" decoding=\"async\" class=\"size-full wp-image-2756 aligncenter\" src=\"http:\/\/tritury.com.br\/es\/wp-content\/uploads\/sites\/3\/2018\/06\/tritury-Instalacao-Naval-Eletrica.jpg\" alt=\"\" width=\"732\" height=\"1024\" srcset=\"https:\/\/tritury.com.br\/es\/wp-content\/uploads\/sites\/3\/2018\/06\/tritury-Instalacao-Naval-Eletrica.jpg 732w, https:\/\/tritury.com.br\/es\/wp-content\/uploads\/sites\/3\/2018\/06\/tritury-Instalacao-Naval-Eletrica-214x300.jpg 214w, https:\/\/tritury.com.br\/es\/wp-content\/uploads\/sites\/3\/2018\/06\/tritury-Instalacao-Naval-Eletrica-600x839.jpg 600w\" sizes=\"(max-width: 732px) 100vw, 732px\" \/><\/p>\n<h2 style=\"text-align: center;\">Esquema para Instalaci\u00f3n Hidr\u00e1ulica<\/h2>\n<p><img loading=\"lazy\" decoding=\"async\" class=\"size-full wp-image-2757 aligncenter\" src=\"http:\/\/tritury.com.br\/es\/wp-content\/uploads\/sites\/3\/2018\/06\/tritury-Instalacao-Naval-Hidraulica.jpg\" alt=\"\" width=\"678\" height=\"1024\" srcset=\"https:\/\/tritury.com.br\/es\/wp-content\/uploads\/sites\/3\/2018\/06\/tritury-Instalacao-Naval-Hidraulica.jpg 678w, https:\/\/tritury.com.br\/es\/wp-content\/uploads\/sites\/3\/2018\/06\/tritury-Instalacao-Naval-Hidraulica-199x300.jpg 199w, https:\/\/tritury.com.br\/es\/wp-content\/uploads\/sites\/3\/2018\/06\/tritury-Instalacao-Naval-Hidraulica-600x906.jpg 600w\" sizes=\"(max-width: 678px) 100vw, 678px\" \/>\n<\/div>\n<p style=\"text-align: center;\"><input type=\"button\" onclick=\"cont();\" value=\"Imprimir P\u00e1gina\" class=\"w-btn\"><\/p>\n","protected":false},"excerpt":{"rendered":"<p>Esquema para Instalaci\u00f3n El\u00e9ctrica Esquema para Instalaci\u00f3n Hidr\u00e1ulica<\/p>\n","protected":false},"author":1,"featured_media":0,"parent":2328,"menu_order":0,"comment_status":"closed","ping_status":"closed","template":"","meta":{"_joinchat":[],"footnotes":""},"yoast_head":"<!-- This site is optimized with the Yoast SEO plugin v24.5 - https:\/\/yoast.com\/wordpress\/plugins\/seo\/ -->\n<title>Instalaci\u00f3n Naval - Tritury Tweeny<\/title>\n<meta name=\"robots\" content=\"index, follow, max-snippet:-1, max-image-preview:large, max-video-preview:-1\" \/>\n<link rel=\"canonical\" href=\"https:\/\/tritury.com.br\/es\/instalacion\/instalacion-naval\/\" \/>\n<meta property=\"og:locale\" content=\"es_ES\" \/>\n<meta property=\"og:type\" content=\"article\" \/>\n<meta property=\"og:title\" content=\"Instalaci\u00f3n Naval - Tritury Tweeny\" \/>\n<meta property=\"og:description\" content=\"Esquema para Instalaci\u00f3n El\u00e9ctrica Esquema para Instalaci\u00f3n Hidr\u00e1ulica\" \/>\n<meta property=\"og:url\" content=\"https:\/\/tritury.com.br\/es\/instalacion\/instalacion-naval\/\" \/>\n<meta property=\"og:site_name\" content=\"Tritury Tweeny\" \/>\n<meta property=\"article:modified_time\" content=\"2018-06-04T20:08:19+00:00\" \/>\n<meta property=\"og:image\" content=\"http:\/\/tritury.com.br\/es\/wp-content\/uploads\/sites\/3\/2018\/06\/tritury-Instalacao-Naval-Eletrica.jpg\" \/>\n<meta name=\"twitter:card\" content=\"summary_large_image\" \/>\n<script type=\"application\/ld+json\" class=\"yoast-schema-graph\">{\"@context\":\"https:\/\/schema.org\",\"@graph\":[{\"@type\":\"WebPage\",\"@id\":\"https:\/\/tritury.com.br\/es\/instalacion\/instalacion-naval\/\",\"url\":\"https:\/\/tritury.com.br\/es\/instalacion\/instalacion-naval\/\",\"name\":\"Instalaci\u00f3n Naval - Tritury Tweeny\",\"isPartOf\":{\"@id\":\"https:\/\/tritury.com.br\/es\/#website\"},\"primaryImageOfPage\":{\"@id\":\"https:\/\/tritury.com.br\/es\/instalacion\/instalacion-naval\/#primaryimage\"},\"image\":{\"@id\":\"https:\/\/tritury.com.br\/es\/instalacion\/instalacion-naval\/#primaryimage\"},\"thumbnailUrl\":\"http:\/\/tritury.com.br\/es\/wp-content\/uploads\/sites\/3\/2018\/06\/tritury-Instalacao-Naval-Eletrica.jpg\",\"datePublished\":\"2016-10-21T13:03:53+00:00\",\"dateModified\":\"2018-06-04T20:08:19+00:00\",\"breadcrumb\":{\"@id\":\"https:\/\/tritury.com.br\/es\/instalacion\/instalacion-naval\/#breadcrumb\"},\"inLanguage\":\"es-ES\",\"potentialAction\":[{\"@type\":\"ReadAction\",\"target\":[\"https:\/\/tritury.com.br\/es\/instalacion\/instalacion-naval\/\"]}]},{\"@type\":\"ImageObject\",\"inLanguage\":\"es-ES\",\"@id\":\"https:\/\/tritury.com.br\/es\/instalacion\/instalacion-naval\/#primaryimage\",\"url\":\"https:\/\/tritury.com.br\/es\/wp-content\/uploads\/sites\/3\/2018\/06\/tritury-Instalacao-Naval-Eletrica.jpg\",\"contentUrl\":\"https:\/\/tritury.com.br\/es\/wp-content\/uploads\/sites\/3\/2018\/06\/tritury-Instalacao-Naval-Eletrica.jpg\",\"width\":732,\"height\":1024},{\"@type\":\"BreadcrumbList\",\"@id\":\"https:\/\/tritury.com.br\/es\/instalacion\/instalacion-naval\/#breadcrumb\",\"itemListElement\":[{\"@type\":\"ListItem\",\"position\":1,\"name\":\"In\u00edcio\",\"item\":\"https:\/\/tritury.com.br\/es\/\"},{\"@type\":\"ListItem\",\"position\":2,\"name\":\"Instalaci\u00f3n\",\"item\":\"https:\/\/tritury.com.br\/es\/instalacion\/\"},{\"@type\":\"ListItem\",\"position\":3,\"name\":\"Instalaci\u00f3n Naval\"}]},{\"@type\":\"WebSite\",\"@id\":\"https:\/\/tritury.com.br\/es\/#website\",\"url\":\"https:\/\/tritury.com.br\/es\/\",\"name\":\"Tritury Tweeny\",\"description\":\"Trituradores de Desechos\",\"potentialAction\":[{\"@type\":\"SearchAction\",\"target\":{\"@type\":\"EntryPoint\",\"urlTemplate\":\"https:\/\/tritury.com.br\/es\/?s={search_term_string}\"},\"query-input\":{\"@type\":\"PropertyValueSpecification\",\"valueRequired\":true,\"valueName\":\"search_term_string\"}}],\"inLanguage\":\"es-ES\"}]}<\/script>\n<!-- \/ Yoast SEO plugin. -->","yoast_head_json":{"title":"Instalaci\u00f3n Naval - Tritury Tweeny","robots":{"index":"index","follow":"follow","max-snippet":"max-snippet:-1","max-image-preview":"max-image-preview:large","max-video-preview":"max-video-preview:-1"},"canonical":"https:\/\/tritury.com.br\/es\/instalacion\/instalacion-naval\/","og_locale":"es_ES","og_type":"article","og_title":"Instalaci\u00f3n Naval - Tritury Tweeny","og_description":"Esquema para Instalaci\u00f3n El\u00e9ctrica Esquema para Instalaci\u00f3n Hidr\u00e1ulica","og_url":"https:\/\/tritury.com.br\/es\/instalacion\/instalacion-naval\/","og_site_name":"Tritury Tweeny","article_modified_time":"2018-06-04T20:08:19+00:00","og_image":[{"url":"http:\/\/tritury.com.br\/es\/wp-content\/uploads\/sites\/3\/2018\/06\/tritury-Instalacao-Naval-Eletrica.jpg","type":"","width":"","height":""}],"twitter_card":"summary_large_image","schema":{"@context":"https:\/\/schema.org","@graph":[{"@type":"WebPage","@id":"https:\/\/tritury.com.br\/es\/instalacion\/instalacion-naval\/","url":"https:\/\/tritury.com.br\/es\/instalacion\/instalacion-naval\/","name":"Instalaci\u00f3n Naval - Tritury Tweeny","isPartOf":{"@id":"https:\/\/tritury.com.br\/es\/#website"},"primaryImageOfPage":{"@id":"https:\/\/tritury.com.br\/es\/instalacion\/instalacion-naval\/#primaryimage"},"image":{"@id":"https:\/\/tritury.com.br\/es\/instalacion\/instalacion-naval\/#primaryimage"},"thumbnailUrl":"http:\/\/tritury.com.br\/es\/wp-content\/uploads\/sites\/3\/2018\/06\/tritury-Instalacao-Naval-Eletrica.jpg","datePublished":"2016-10-21T13:03:53+00:00","dateModified":"2018-06-04T20:08:19+00:00","breadcrumb":{"@id":"https:\/\/tritury.com.br\/es\/instalacion\/instalacion-naval\/#breadcrumb"},"inLanguage":"es-ES","potentialAction":[{"@type":"ReadAction","target":["https:\/\/tritury.com.br\/es\/instalacion\/instalacion-naval\/"]}]},{"@type":"ImageObject","inLanguage":"es-ES","@id":"https:\/\/tritury.com.br\/es\/instalacion\/instalacion-naval\/#primaryimage","url":"https:\/\/tritury.com.br\/es\/wp-content\/uploads\/sites\/3\/2018\/06\/tritury-Instalacao-Naval-Eletrica.jpg","contentUrl":"https:\/\/tritury.com.br\/es\/wp-content\/uploads\/sites\/3\/2018\/06\/tritury-Instalacao-Naval-Eletrica.jpg","width":732,"height":1024},{"@type":"BreadcrumbList","@id":"https:\/\/tritury.com.br\/es\/instalacion\/instalacion-naval\/#breadcrumb","itemListElement":[{"@type":"ListItem","position":1,"name":"In\u00edcio","item":"https:\/\/tritury.com.br\/es\/"},{"@type":"ListItem","position":2,"name":"Instalaci\u00f3n","item":"https:\/\/tritury.com.br\/es\/instalacion\/"},{"@type":"ListItem","position":3,"name":"Instalaci\u00f3n Naval"}]},{"@type":"WebSite","@id":"https:\/\/tritury.com.br\/es\/#website","url":"https:\/\/tritury.com.br\/es\/","name":"Tritury Tweeny","description":"Trituradores de Desechos","potentialAction":[{"@type":"SearchAction","target":{"@type":"EntryPoint","urlTemplate":"https:\/\/tritury.com.br\/es\/?s={search_term_string}"},"query-input":{"@type":"PropertyValueSpecification","valueRequired":true,"valueName":"search_term_string"}}],"inLanguage":"es-ES"}]}},"_links":{"self":[{"href":"https:\/\/tritury.com.br\/es\/wp-json\/wp\/v2\/pages\/2341"}],"collection":[{"href":"https:\/\/tritury.com.br\/es\/wp-json\/wp\/v2\/pages"}],"about":[{"href":"https:\/\/tritury.com.br\/es\/wp-json\/wp\/v2\/types\/page"}],"author":[{"embeddable":true,"href":"https:\/\/tritury.com.br\/es\/wp-json\/wp\/v2\/users\/1"}],"replies":[{"embeddable":true,"href":"https:\/\/tritury.com.br\/es\/wp-json\/wp\/v2\/comments?post=2341"}],"version-history":[{"count":5,"href":"https:\/\/tritury.com.br\/es\/wp-json\/wp\/v2\/pages\/2341\/revisions"}],"predecessor-version":[{"id":2760,"href":"https:\/\/tritury.com.br\/es\/wp-json\/wp\/v2\/pages\/2341\/revisions\/2760"}],"up":[{"embeddable":true,"href":"https:\/\/tritury.com.br\/es\/wp-json\/wp\/v2\/pages\/2328"}],"wp:attachment":[{"href":"https:\/\/tritury.com.br\/es\/wp-json\/wp\/v2\/media?parent=2341"}],"curies":[{"name":"wp","href":"https:\/\/api.w.org\/{rel}","templated":true}]}}