{"id":2314,"date":"2016-10-21T10:42:29","date_gmt":"2016-10-21T12:42:29","guid":{"rendered":"http:\/\/tritury.com.br\/?page_id=2314"},"modified":"2018-06-02T18:01:07","modified_gmt":"2018-06-02T21:01:07","slug":"beneficios","status":"publish","type":"page","link":"https:\/\/tritury.com.br\/es\/beneficios\/","title":{"rendered":"Beneficios"},"content":{"rendered":"<section class=\"l-section wpb_row height_medium color_secondary\"><div class=\"l-section-h i-cf\"><div class=\"g-cols offset_small\"><div class=\"vc_col-sm-12 wpb_column vc_column_container\"><div class=\"vc_column-inner\"><div class=\"wpb_text_column \"><div class=\"wpb_wrapper\">\n<h2 style=\"text-align: center;\">\u00bfPOR QU\u00c9 TRITURY ES EL MEJOR TRITURADOR?<\/h2>\n<\/div> <\/div> <\/div><\/div><\/div><\/div><\/section><section class=\"l-section wpb_row height_medium\"><div class=\"l-section-h i-cf\"><div class=\"g-cols offset_small\"><div class=\"vc_col-sm-4 wpb_column vc_column_container\"><div class=\"vc_column-inner\"><div class=\"w-iconbox iconpos_top style_default color_primary icontype_img\"><div class=\"w-iconbox-icon\" style=\"font-size:350px;\"><img loading=\"lazy\" decoding=\"async\" src=\"https:\/\/tritury.com.br\/es\/wp-content\/uploads\/sites\/3\/2016\/10\/MOTOR.jpg\" width=\"86\" height=\"72\" alt=\"MEJOR MOTOR\"><\/div><h4 class=\"w-iconbox-title\">MEJOR MOTOR<\/h4><div class=\"w-iconbox-text\">Fabricado por WEG, la mayor industria de motores el\u00e9ctricos de Am\u00e9rica Latina, est\u00e1 presente en 50 pa\u00edses en los cinco continentes. Posee procesos de producci\u00f3n m\u00e1s avanzados y programas de calidad total m\u00e1s exigentes como ISO 9001.<\/div><\/div><\/div><\/div><div class=\"vc_col-sm-4 wpb_column vc_column_container\"><div class=\"vc_column-inner\"><div class=\"w-iconbox iconpos_top style_default color_primary icontype_img\"><div class=\"w-iconbox-icon\" style=\"font-size:350px;\"><img loading=\"lazy\" decoding=\"async\" src=\"https:\/\/tritury.com.br\/es\/wp-content\/uploads\/sites\/3\/2016\/10\/DURABILIDADE.jpg\" width=\"86\" height=\"72\" alt=\"MAYOR DURABILIDAD\"><\/div><h4 class=\"w-iconbox-title\">MAYOR DURABILIDAD<\/h4><div class=\"w-iconbox-text\">Fabricados con discos y anillos de corte en acero inoxidable especial, sello mec\u00e1nico importado para la filtraci\u00f3n de agua, motor WEG, adem\u00e1s de otros materiales durables, que prolongan la vida \u00fatil de los equipos y proporciona mayor higiene interna, descartando el uso de productos de limpieza y facilitando su manipulaci\u00f3n.<\/div><\/div><\/div><\/div><div class=\"vc_col-sm-4 wpb_column vc_column_container\"><div class=\"vc_column-inner\"><div class=\"w-iconbox iconpos_top style_default color_primary icontype_img\"><div class=\"w-iconbox-icon\" style=\"font-size:350px;\"><img loading=\"lazy\" decoding=\"async\" src=\"https:\/\/tritury.com.br\/es\/wp-content\/uploads\/sites\/3\/2016\/10\/GARANTIA.jpg\" width=\"86\" height=\"72\" alt=\"MAYOR GARANT\u00cdA\"><\/div><h4 class=\"w-iconbox-title\">MAYOR GARANT\u00cdA<\/h4><div class=\"w-iconbox-text\">A pesar de tener una mayor durabilidad, los productos a\u00fan poseen 3 a\u00f1os de garant\u00eda para la l\u00ednea residencial y 1 a\u00f1o para la l\u00ednea semi industrial e industrial, adem\u00e1s de asistencia t\u00e9cnica en las principales capitales del pa\u00eds.<\/div><\/div><\/div><\/div><\/div><\/div><\/section><section class=\"l-section wpb_row height_medium\"><div class=\"l-section-h i-cf\"><div class=\"g-cols offset_small\"><div class=\"vc_col-sm-4 wpb_column vc_column_container\"><div class=\"vc_column-inner\"><div class=\"w-iconbox iconpos_top style_default color_primary icontype_img\"><div class=\"w-iconbox-icon\" style=\"font-size:350px;\"><img loading=\"lazy\" decoding=\"async\" src=\"https:\/\/tritury.com.br\/es\/wp-content\/uploads\/sites\/3\/2016\/10\/NACIONAL.jpg\" width=\"86\" height=\"72\" alt=\"INDUSTRIA NACIONAL\"><\/div><h4 class=\"w-iconbox-title\">INDUSTRIA NACIONAL<\/h4><div class=\"w-iconbox-text\">Piezas de repuesto originales, esto fortalece a la econom\u00eda brasile\u00f1a y a la generaci\u00f3n de empleos.<\/div><\/div><\/div><\/div><div class=\"vc_col-sm-4 wpb_column vc_column_container\"><div class=\"vc_column-inner\"><div class=\"w-iconbox iconpos_top style_default color_primary icontype_img\"><div class=\"w-iconbox-icon\" style=\"font-size:350px;\"><img loading=\"lazy\" decoding=\"async\" src=\"https:\/\/tritury.com.br\/es\/wp-content\/uploads\/sites\/3\/2016\/10\/FUNCIONALIDADE.jpg\" width=\"86\" height=\"72\" alt=\"MODERNIDAD, HIGIENE Y FUNCIONALIDAD\"><\/div><h4 class=\"w-iconbox-title\">MODERNIDAD, HIGIENE Y FUNCIONALIDAD<\/h4><div class=\"w-iconbox-text\">Con un nuevo concepto en practicidad y confort, TRITURY elimina esa preocupaci\u00f3n con los desechos org\u00e1nicos de su cocina, de manera r\u00e1pida y segura, dej\u00e1ndola siempre limpia.<\/div><\/div><\/div><\/div><div class=\"vc_col-sm-4 wpb_column vc_column_container\"><div class=\"vc_column-inner\"><div class=\"w-iconbox iconpos_top style_default color_primary icontype_img\"><div class=\"w-iconbox-icon\" style=\"font-size:350px;\"><img loading=\"lazy\" decoding=\"async\" src=\"https:\/\/tritury.com.br\/es\/wp-content\/uploads\/sites\/3\/2016\/10\/SATISFACAO.jpg\" width=\"86\" height=\"72\" alt=\"SATISFACCI\u00d3N DEL CLIENTE\"><\/div><h4 class=\"w-iconbox-title\">SATISFACCI\u00d3N DEL CLIENTE<\/h4><div class=\"w-iconbox-text\">Est\u00e1 comprobado que 99% de los propietarios de trituradores TRITURY est\u00e1n satisfechos con la comodidad y practicidad ofrecidas por el producto, tambi\u00e9n con su calidad ya que prescinde de reparaciones eventuales y mantenimientos.<\/div><\/div><\/div><\/div><\/div><\/div><\/section><section class=\"l-section wpb_row height_medium\"><div class=\"l-section-h i-cf\"><div class=\"g-cols offset_small\"><div class=\"vc_col-sm-4 wpb_column vc_column_container\"><div class=\"vc_column-inner\"><div class=\"w-iconbox iconpos_top style_default color_primary icontype_img\"><div class=\"w-iconbox-icon\" style=\"font-size:350px;\"><img loading=\"lazy\" decoding=\"async\" src=\"https:\/\/tritury.com.br\/es\/wp-content\/uploads\/sites\/3\/2016\/10\/PREDIO.jpg\" width=\"86\" height=\"72\" alt=\"EDIFICIOS LIMPIOS Y SIN MAL OLOR\"><\/div><h4 class=\"w-iconbox-title\">EDIFICIOS LIMPIOS Y SIN MAL OLOR<\/h4><div class=\"w-iconbox-text\">Mejor calidad de vida para los residentes ya que elimina posibles focos de insectos y otros animales, proporciona m\u00e1s salud e higiene para su familia.<\/div><\/div><\/div><\/div><div class=\"vc_col-sm-4 wpb_column vc_column_container\"><div class=\"vc_column-inner\"><div class=\"w-iconbox iconpos_top style_default color_primary icontype_img\"><div class=\"w-iconbox-icon\" style=\"font-size:350px;\"><img loading=\"lazy\" decoding=\"async\" src=\"https:\/\/tritury.com.br\/es\/wp-content\/uploads\/sites\/3\/2016\/10\/economia22.jpg\" width=\"86\" height=\"72\" alt=\"ECONOM\u00cdA PARA EL CONDOMINIO\"><\/div><h4 class=\"w-iconbox-title\">ECONOM\u00cdA PARA EL CONDOMINIO<\/h4><div class=\"w-iconbox-text\">Elimina hasta un 100% de los desechos org\u00e1nicos alimenticios del complejo habitacional, ayuda a economizar en productos de limpieza y en el almacenamiento de residuos, brinda m\u00e1s tranquilidad en cuanto a los vol\u00famenes provenientes de las bolsas de basura.<\/div><\/div><\/div><\/div><div class=\"vc_col-sm-4 wpb_column vc_column_container\"><div class=\"vc_column-inner\"><div class=\"w-iconbox iconpos_top style_default color_primary icontype_img\"><div class=\"w-iconbox-icon\" style=\"font-size:350px;\"><img loading=\"lazy\" decoding=\"async\" src=\"https:\/\/tritury.com.br\/es\/wp-content\/uploads\/sites\/3\/2016\/10\/CUSTO.jpg\" width=\"86\" height=\"72\" alt=\"BAJO COSTO\"><\/div><h4 class=\"w-iconbox-title\">BAJO COSTO<\/h4><div class=\"w-iconbox-text\">Adem\u00e1s de demandar un bajo consumo de agua y energ\u00eda el\u00e9ctrica, los trituradores de residuos TRITURY no necesitan de asistencia, aumentando el ahorro y la satisfacci\u00f3n en su cocina.<\/div><\/div><\/div><\/div><\/div><\/div><\/section>\n","protected":false},"excerpt":{"rendered":"\u00bfPOR QU\u00c9 TRITURY ES EL MEJOR TRITURADOR? MEJOR MOTORFabricado por WEG, la mayor industria de motores el\u00e9ctricos de Am\u00e9rica Latina, est\u00e1 presente en 50 pa\u00edses en los cinco continentes. Posee procesos de producci\u00f3n m\u00e1s avanzados y programas de calidad total m\u00e1s exigentes como ISO 9001.MAYOR DURABILIDADFabricados con discos y anillos de corte en acero inoxidable...","protected":false},"author":1,"featured_media":0,"parent":0,"menu_order":0,"comment_status":"closed","ping_status":"closed","template":"","meta":{"_joinchat":[],"footnotes":""},"yoast_head":"<!-- This site is optimized with the Yoast SEO plugin v24.5 - https:\/\/yoast.com\/wordpress\/plugins\/seo\/ -->\n<title>Beneficios - Tritury Tweeny<\/title>\n<meta name=\"robots\" content=\"index, follow, max-snippet:-1, max-image-preview:large, max-video-preview:-1\" \/>\n<link rel=\"canonical\" href=\"https:\/\/tritury.com.br\/es\/beneficios\/\" \/>\n<meta property=\"og:locale\" content=\"es_ES\" \/>\n<meta property=\"og:type\" content=\"article\" \/>\n<meta property=\"og:title\" content=\"Beneficios - Tritury Tweeny\" \/>\n<meta property=\"og:url\" content=\"https:\/\/tritury.com.br\/es\/beneficios\/\" \/>\n<meta property=\"og:site_name\" content=\"Tritury Tweeny\" \/>\n<meta property=\"article:modified_time\" content=\"2018-06-02T21:01:07+00:00\" \/>\n<meta name=\"twitter:card\" content=\"summary_large_image\" \/>\n<meta name=\"twitter:label1\" content=\"Est. reading time\" \/>\n\t<meta name=\"twitter:data1\" content=\"3 minutes\" \/>\n<script type=\"application\/ld+json\" class=\"yoast-schema-graph\">{\"@context\":\"https:\/\/schema.org\",\"@graph\":[{\"@type\":\"WebPage\",\"@id\":\"https:\/\/tritury.com.br\/es\/beneficios\/\",\"url\":\"https:\/\/tritury.com.br\/es\/beneficios\/\",\"name\":\"Beneficios - Tritury Tweeny\",\"isPartOf\":{\"@id\":\"https:\/\/tritury.com.br\/es\/#website\"},\"datePublished\":\"2016-10-21T12:42:29+00:00\",\"dateModified\":\"2018-06-02T21:01:07+00:00\",\"breadcrumb\":{\"@id\":\"https:\/\/tritury.com.br\/es\/beneficios\/#breadcrumb\"},\"inLanguage\":\"es-ES\",\"potentialAction\":[{\"@type\":\"ReadAction\",\"target\":[\"https:\/\/tritury.com.br\/es\/beneficios\/\"]}]},{\"@type\":\"BreadcrumbList\",\"@id\":\"https:\/\/tritury.com.br\/es\/beneficios\/#breadcrumb\",\"itemListElement\":[{\"@type\":\"ListItem\",\"position\":1,\"name\":\"In\u00edcio\",\"item\":\"https:\/\/tritury.com.br\/es\/\"},{\"@type\":\"ListItem\",\"position\":2,\"name\":\"Beneficios\"}]},{\"@type\":\"WebSite\",\"@id\":\"https:\/\/tritury.com.br\/es\/#website\",\"url\":\"https:\/\/tritury.com.br\/es\/\",\"name\":\"Tritury Tweeny\",\"description\":\"Trituradores de Desechos\",\"potentialAction\":[{\"@type\":\"SearchAction\",\"target\":{\"@type\":\"EntryPoint\",\"urlTemplate\":\"https:\/\/tritury.com.br\/es\/?s={search_term_string}\"},\"query-input\":{\"@type\":\"PropertyValueSpecification\",\"valueRequired\":true,\"valueName\":\"search_term_string\"}}],\"inLanguage\":\"es-ES\"}]}<\/script>\n<!-- \/ Yoast SEO plugin. -->","yoast_head_json":{"title":"Beneficios - Tritury Tweeny","robots":{"index":"index","follow":"follow","max-snippet":"max-snippet:-1","max-image-preview":"max-image-preview:large","max-video-preview":"max-video-preview:-1"},"canonical":"https:\/\/tritury.com.br\/es\/beneficios\/","og_locale":"es_ES","og_type":"article","og_title":"Beneficios - Tritury Tweeny","og_url":"https:\/\/tritury.com.br\/es\/beneficios\/","og_site_name":"Tritury Tweeny","article_modified_time":"2018-06-02T21:01:07+00:00","twitter_card":"summary_large_image","twitter_misc":{"Est. reading time":"3 minutes"},"schema":{"@context":"https:\/\/schema.org","@graph":[{"@type":"WebPage","@id":"https:\/\/tritury.com.br\/es\/beneficios\/","url":"https:\/\/tritury.com.br\/es\/beneficios\/","name":"Beneficios - Tritury Tweeny","isPartOf":{"@id":"https:\/\/tritury.com.br\/es\/#website"},"datePublished":"2016-10-21T12:42:29+00:00","dateModified":"2018-06-02T21:01:07+00:00","breadcrumb":{"@id":"https:\/\/tritury.com.br\/es\/beneficios\/#breadcrumb"},"inLanguage":"es-ES","potentialAction":[{"@type":"ReadAction","target":["https:\/\/tritury.com.br\/es\/beneficios\/"]}]},{"@type":"BreadcrumbList","@id":"https:\/\/tritury.com.br\/es\/beneficios\/#breadcrumb","itemListElement":[{"@type":"ListItem","position":1,"name":"In\u00edcio","item":"https:\/\/tritury.com.br\/es\/"},{"@type":"ListItem","position":2,"name":"Beneficios"}]},{"@type":"WebSite","@id":"https:\/\/tritury.com.br\/es\/#website","url":"https:\/\/tritury.com.br\/es\/","name":"Tritury Tweeny","description":"Trituradores de Desechos","potentialAction":[{"@type":"SearchAction","target":{"@type":"EntryPoint","urlTemplate":"https:\/\/tritury.com.br\/es\/?s={search_term_string}"},"query-input":{"@type":"PropertyValueSpecification","valueRequired":true,"valueName":"search_term_string"}}],"inLanguage":"es-ES"}]}},"_links":{"self":[{"href":"https:\/\/tritury.com.br\/es\/wp-json\/wp\/v2\/pages\/2314"}],"collection":[{"href":"https:\/\/tritury.com.br\/es\/wp-json\/wp\/v2\/pages"}],"about":[{"href":"https:\/\/tritury.com.br\/es\/wp-json\/wp\/v2\/types\/page"}],"author":[{"embeddable":true,"href":"https:\/\/tritury.com.br\/es\/wp-json\/wp\/v2\/users\/1"}],"replies":[{"embeddable":true,"href":"https:\/\/tritury.com.br\/es\/wp-json\/wp\/v2\/comments?post=2314"}],"version-history":[{"count":3,"href":"https:\/\/tritury.com.br\/es\/wp-json\/wp\/v2\/pages\/2314\/revisions"}],"predecessor-version":[{"id":2736,"href":"https:\/\/tritury.com.br\/es\/wp-json\/wp\/v2\/pages\/2314\/revisions\/2736"}],"wp:attachment":[{"href":"https:\/\/tritury.com.br\/es\/wp-json\/wp\/v2\/media?parent=2314"}],"curies":[{"name":"wp","href":"https:\/\/api.w.org\/{rel}","templated":true}]}}