{"id":2308,"date":"2016-10-21T10:33:56","date_gmt":"2016-10-21T12:33:56","guid":{"rendered":"http:\/\/tritury.com.br\/?page_id=2308"},"modified":"2018-06-02T18:23:19","modified_gmt":"2018-06-02T21:23:19","slug":"assistencia-tecnica","status":"publish","type":"page","link":"https:\/\/tritury.com.br\/es\/assistencia-tecnica\/","title":{"rendered":"Asistencia T\u00e9cnica"},"content":{"rendered":"<section class=\"l-section wpb_row height_medium\"><div class=\"l-section-h i-cf\"><div class=\"g-cols offset_small\"><div class=\"vc_col-sm-4 wpb_column vc_column_container\"><div class=\"vc_column-inner\"><div class=\"w-image align_center\"><div class=\"us-frame\"><img loading=\"lazy\" decoding=\"async\" width=\"400\" height=\"638\" src=\"https:\/\/tritury.com.br\/es\/wp-content\/uploads\/sites\/3\/2016\/10\/encanador.jpg\" class=\"attachment-full size-full\" alt=\"\" srcset=\"https:\/\/tritury.com.br\/es\/wp-content\/uploads\/sites\/3\/2016\/10\/encanador.jpg 400w, https:\/\/tritury.com.br\/es\/wp-content\/uploads\/sites\/3\/2016\/10\/encanador-188x300.jpg 188w\" sizes=\"(max-width: 400px) 100vw, 400px\" \/><\/div><\/div><\/div><\/div><div class=\"vc_col-sm-8 wpb_column vc_column_container\"><div class=\"vc_column-inner\"><div class=\"wpb_text_column \"><div class=\"wpb_wrapper\">\n<p style=\"text-align: justify;\">Adem\u00e1s de producir equipamiento de alto nivel para diversos tipos de funciones, el\u00a0<strong>Tritury\u00ae\u00a0Tweeny\u00ae<\/strong> tambi\u00e9n ofrece a todos sus clientes una asistencia t\u00e9cnica permanente. Es un servicio ilimitado para usted que adquiri\u00f3 cualquier modelo de nuestros trituradores de desechos.<\/p>\n<p style=\"text-align: justify;\">A\u00fan despu\u00e9s de 1, 2, o 5 a\u00f1os usted contar\u00e1 con el soporte de profesionales de experiencia y preparados para atenderlo siempre sea necesario. La asistencia t\u00e9cnica de\u00a0<strong>Tritury\u00ae\u00a0Tweeny\u00ae<\/strong> no vale por apenas un per\u00edodo, es para siempre&#8230; Conf\u00ede en una empresa que se compromete con el futuro de sus negocios.<\/p>\n<p style=\"text-align: justify;\">Otro beneficio que solo una empresa con el know-how de\u00a0<strong>Tritury\u00ae\u00a0Tweeny\u00ae<\/strong> ppodr\u00eda ofrecer, una garant\u00eda de 1 a 3 a\u00f1os v\u00e1lida para nuestra l\u00ednea de equipos. Todos los servicios ofrecidos, incluyendo la garant\u00eda, tienen como el alto est\u00e1ndar de atenci\u00f3n, compromiso y la calidad de <strong>Tritury\u00ae<\/strong> en el mercado y con nuestros profesionales.<\/p>\n<p style=\"text-align: justify;\"><strong><a title=\"FALE CONOSCO\" href=\"http:\/\/tritury.com.br\/es\/contacto\/\">P\u00f3ngase en contacto aqu\u00ed<\/a><\/strong> con un equipo de atenci\u00f3n y conozca todos los detalles para solicitar una visita t\u00e9cnica a su residencia, empresa, restaurante u oficina comercial.<\/p>\n<\/div> <\/div> <\/div><\/div><\/div><\/div><\/section>\n","protected":false},"excerpt":{"rendered":"Adem\u00e1s de producir equipamiento de alto nivel para diversos tipos de funciones, el\u00a0Tritury\u00ae\u00a0Tweeny\u00ae tambi\u00e9n ofrece a todos sus clientes una asistencia t\u00e9cnica permanente. Es un servicio ilimitado para usted que adquiri\u00f3 cualquier modelo de nuestros trituradores de desechos. A\u00fan despu\u00e9s de 1, 2, o 5 a\u00f1os usted contar\u00e1 con el soporte de profesionales de experiencia...","protected":false},"author":1,"featured_media":0,"parent":0,"menu_order":0,"comment_status":"closed","ping_status":"closed","template":"","meta":{"_joinchat":[],"footnotes":""},"yoast_head":"<!-- This site is optimized with the Yoast SEO plugin v24.5 - https:\/\/yoast.com\/wordpress\/plugins\/seo\/ -->\n<title>Asistencia T\u00e9cnica - Tritury Tweeny<\/title>\n<meta name=\"robots\" content=\"index, follow, max-snippet:-1, max-image-preview:large, max-video-preview:-1\" \/>\n<link rel=\"canonical\" href=\"https:\/\/tritury.com.br\/es\/assistencia-tecnica\/\" \/>\n<meta property=\"og:locale\" content=\"es_ES\" \/>\n<meta property=\"og:type\" content=\"article\" \/>\n<meta property=\"og:title\" content=\"Asistencia T\u00e9cnica - Tritury Tweeny\" \/>\n<meta property=\"og:url\" content=\"https:\/\/tritury.com.br\/es\/assistencia-tecnica\/\" \/>\n<meta property=\"og:site_name\" content=\"Tritury Tweeny\" \/>\n<meta property=\"article:modified_time\" content=\"2018-06-02T21:23:19+00:00\" \/>\n<meta name=\"twitter:card\" content=\"summary_large_image\" \/>\n<meta name=\"twitter:label1\" content=\"Est. reading time\" \/>\n\t<meta name=\"twitter:data1\" content=\"1 minute\" \/>\n<script type=\"application\/ld+json\" class=\"yoast-schema-graph\">{\"@context\":\"https:\/\/schema.org\",\"@graph\":[{\"@type\":\"WebPage\",\"@id\":\"https:\/\/tritury.com.br\/es\/assistencia-tecnica\/\",\"url\":\"https:\/\/tritury.com.br\/es\/assistencia-tecnica\/\",\"name\":\"Asistencia T\u00e9cnica - Tritury Tweeny\",\"isPartOf\":{\"@id\":\"https:\/\/tritury.com.br\/es\/#website\"},\"datePublished\":\"2016-10-21T12:33:56+00:00\",\"dateModified\":\"2018-06-02T21:23:19+00:00\",\"breadcrumb\":{\"@id\":\"https:\/\/tritury.com.br\/es\/assistencia-tecnica\/#breadcrumb\"},\"inLanguage\":\"es-ES\",\"potentialAction\":[{\"@type\":\"ReadAction\",\"target\":[\"https:\/\/tritury.com.br\/es\/assistencia-tecnica\/\"]}]},{\"@type\":\"BreadcrumbList\",\"@id\":\"https:\/\/tritury.com.br\/es\/assistencia-tecnica\/#breadcrumb\",\"itemListElement\":[{\"@type\":\"ListItem\",\"position\":1,\"name\":\"In\u00edcio\",\"item\":\"https:\/\/tritury.com.br\/es\/\"},{\"@type\":\"ListItem\",\"position\":2,\"name\":\"Asistencia T\u00e9cnica\"}]},{\"@type\":\"WebSite\",\"@id\":\"https:\/\/tritury.com.br\/es\/#website\",\"url\":\"https:\/\/tritury.com.br\/es\/\",\"name\":\"Tritury Tweeny\",\"description\":\"Trituradores de Desechos\",\"potentialAction\":[{\"@type\":\"SearchAction\",\"target\":{\"@type\":\"EntryPoint\",\"urlTemplate\":\"https:\/\/tritury.com.br\/es\/?s={search_term_string}\"},\"query-input\":{\"@type\":\"PropertyValueSpecification\",\"valueRequired\":true,\"valueName\":\"search_term_string\"}}],\"inLanguage\":\"es-ES\"}]}<\/script>\n<!-- \/ Yoast SEO plugin. -->","yoast_head_json":{"title":"Asistencia T\u00e9cnica - Tritury Tweeny","robots":{"index":"index","follow":"follow","max-snippet":"max-snippet:-1","max-image-preview":"max-image-preview:large","max-video-preview":"max-video-preview:-1"},"canonical":"https:\/\/tritury.com.br\/es\/assistencia-tecnica\/","og_locale":"es_ES","og_type":"article","og_title":"Asistencia T\u00e9cnica - Tritury Tweeny","og_url":"https:\/\/tritury.com.br\/es\/assistencia-tecnica\/","og_site_name":"Tritury Tweeny","article_modified_time":"2018-06-02T21:23:19+00:00","twitter_card":"summary_large_image","twitter_misc":{"Est. reading time":"1 minute"},"schema":{"@context":"https:\/\/schema.org","@graph":[{"@type":"WebPage","@id":"https:\/\/tritury.com.br\/es\/assistencia-tecnica\/","url":"https:\/\/tritury.com.br\/es\/assistencia-tecnica\/","name":"Asistencia T\u00e9cnica - Tritury Tweeny","isPartOf":{"@id":"https:\/\/tritury.com.br\/es\/#website"},"datePublished":"2016-10-21T12:33:56+00:00","dateModified":"2018-06-02T21:23:19+00:00","breadcrumb":{"@id":"https:\/\/tritury.com.br\/es\/assistencia-tecnica\/#breadcrumb"},"inLanguage":"es-ES","potentialAction":[{"@type":"ReadAction","target":["https:\/\/tritury.com.br\/es\/assistencia-tecnica\/"]}]},{"@type":"BreadcrumbList","@id":"https:\/\/tritury.com.br\/es\/assistencia-tecnica\/#breadcrumb","itemListElement":[{"@type":"ListItem","position":1,"name":"In\u00edcio","item":"https:\/\/tritury.com.br\/es\/"},{"@type":"ListItem","position":2,"name":"Asistencia T\u00e9cnica"}]},{"@type":"WebSite","@id":"https:\/\/tritury.com.br\/es\/#website","url":"https:\/\/tritury.com.br\/es\/","name":"Tritury Tweeny","description":"Trituradores de Desechos","potentialAction":[{"@type":"SearchAction","target":{"@type":"EntryPoint","urlTemplate":"https:\/\/tritury.com.br\/es\/?s={search_term_string}"},"query-input":{"@type":"PropertyValueSpecification","valueRequired":true,"valueName":"search_term_string"}}],"inLanguage":"es-ES"}]}},"_links":{"self":[{"href":"https:\/\/tritury.com.br\/es\/wp-json\/wp\/v2\/pages\/2308"}],"collection":[{"href":"https:\/\/tritury.com.br\/es\/wp-json\/wp\/v2\/pages"}],"about":[{"href":"https:\/\/tritury.com.br\/es\/wp-json\/wp\/v2\/types\/page"}],"author":[{"embeddable":true,"href":"https:\/\/tritury.com.br\/es\/wp-json\/wp\/v2\/users\/1"}],"replies":[{"embeddable":true,"href":"https:\/\/tritury.com.br\/es\/wp-json\/wp\/v2\/comments?post=2308"}],"version-history":[{"count":2,"href":"https:\/\/tritury.com.br\/es\/wp-json\/wp\/v2\/pages\/2308\/revisions"}],"predecessor-version":[{"id":2744,"href":"https:\/\/tritury.com.br\/es\/wp-json\/wp\/v2\/pages\/2308\/revisions\/2744"}],"wp:attachment":[{"href":"https:\/\/tritury.com.br\/es\/wp-json\/wp\/v2\/media?parent=2308"}],"curies":[{"name":"wp","href":"https:\/\/api.w.org\/{rel}","templated":true}]}}