{"id":2068,"date":"2016-10-16T18:01:31","date_gmt":"2016-10-16T20:01:31","guid":{"rendered":"http:\/\/tritury.com.br\/?page_id=2068"},"modified":"2018-06-02T18:08:19","modified_gmt":"2018-06-02T21:08:19","slug":"testimonios","status":"publish","type":"page","link":"https:\/\/tritury.com.br\/es\/testimonios\/","title":{"rendered":"Testimonios"},"content":{"rendered":"<section class=\"l-section wpb_row height_medium\"><div class=\"l-section-h i-cf\"><div class=\"g-cols offset_small\"><div class=\"vc_col-sm-12 wpb_column vc_column_container\"><div class=\"vc_column-inner\"><div class=\"w-testimonial style_3\"><blockquote><div class=\"w-testimonial-text\">El equipo fue instalado perfectamente. El tiempo de la atenci\u00f3n fue fant\u00e1stico. El funcionario responsable de la instalaci\u00f3n adem\u00e1s de muy solicitado, es tambi\u00e9n muy muy educado, simp\u00e1tico y excelente profesional.Paraben para la empresa. De hoy en adelante, vendr\u00e9 un fan de la empresa.<\/div><div class=\"w-testimonial-person\"><span class=\"w-testimonial-person-name\"><span>Sylvio Mauro de Castro<\/span><\/span><span class=\"w-testimonial-person-meta\">Belo Horizonte \/ MG<\/span><\/div><\/blockquote><\/div><div class=\"w-testimonial style_3\"><blockquote><div class=\"w-testimonial-text\">Atenci\u00f3n al cliente todos los plazos atendidos y producto de muy buena calidad.<\/div><div class=\"w-testimonial-person\"><span class=\"w-testimonial-person-name\"><span>Aron Rosa<\/span><\/span><span class=\"w-testimonial-person-meta\">Rio de Janeiro \/ RJ<\/span><\/div><\/blockquote><\/div><div class=\"w-testimonial style_3\"><blockquote><div class=\"w-testimonial-text\">Preparaci\u00f3n en la atenci\u00f3n y en la buena asistencia t\u00e9cnica prestada a lo largo de todos estos a\u00f1os de utilizaci\u00f3n del equipo, instalado en 1983.<\/div><div class=\"w-testimonial-person\"><span class=\"w-testimonial-person-name\"><span>Jose Tarcisio Mello<\/span><\/span><span class=\"w-testimonial-person-meta\">Belo Horizonte \/ MG<\/span><\/div><\/blockquote><\/div><div class=\"w-testimonial style_3\"><blockquote><div class=\"w-testimonial-text\">Presencia, transparencia, confianza y calidad en la atenci\u00f3n.<br \/>\nEl equipo fue desmontado frente a nosotros y se muestra de qu\u00e9 se trataba el problema y la soluci\u00f3n.<br \/>\nConfianza &#8211; Primero repar\u00f3 y mont\u00f3 despu\u00e9s emiti\u00f3 la factura para el pago. Es este hilo del bigote que necesitamos a los brasile\u00f1os hoy.<\/div><div class=\"w-testimonial-person\"><span class=\"w-testimonial-person-name\"><span>Gilson Campos<\/span><\/span><span class=\"w-testimonial-person-meta\">Belo Horizonte \/ MG<\/span><\/div><\/blockquote><\/div><div class=\"w-testimonial style_3\"><blockquote><div class=\"w-testimonial-text\">\u00a1Tritury es estupendo! Ten\u00eda un triturador importado que ya no era gran cosa, y se descompuso. Lo cambi\u00e9 por un Tritury ACX 75. Es mucho mejor que el otro. Estoy muy satisfecho. Vale cada centavo. Es un excelente producto. Felicitaciones para Tritury.<\/div><div class=\"w-testimonial-person\"><span class=\"w-testimonial-person-name\"><span>Antonio Gomes<\/span><\/span><span class=\"w-testimonial-person-meta\">Ribeir\u00e3o Preto \/ SP<\/span><\/div><\/blockquote><\/div><div class=\"w-testimonial style_3\"><blockquote><div class=\"w-testimonial-text\">Despu\u00e9s de 15 a\u00f1os realic\u00e9 una revisi\u00f3n sensible de mi Tritury Te\u00f1\u00ed, indicada por la misma fabrica. \u00a1Y encima es buena, r\u00e1pida y barata!<br \/>\nAnte tantos problemas que tenemos con las garant\u00edas de productos en nuestro pa\u00eds, es dif\u00edcil un costo beneficio tan interesante para una m\u00e1quina tan \u00fatil en nuestra cocina&#8230;No es al azar que la f\u00e1brica est\u00e1 en el mercado desde el a\u00f1o &#8217;73. \u00a1Son servicios as\u00ed los que faltan para que nuestro pa\u00eds sea mucho mejor!<br \/>\nUstedes son un ejemplo y estoy muy feliz de tener un producto de esta calidad. \u00a1Gracias! <\/div><div class=\"w-testimonial-person\"><span class=\"w-testimonial-person-name\"><span>Marcelo Wanderley Alves<\/span><\/span><span class=\"w-testimonial-person-meta\">MW Neg\u00f3cios - Belo Horizonte \/ MG<\/span><\/div><\/blockquote><\/div><div class=\"w-testimonial style_3\"><blockquote><div class=\"w-testimonial-text\">Uso el triturador tweeny hace 30 a\u00f1os. Desde que adquir\u00ed el departamento, donde ya estaba instalado el equipo, nunca m\u00e1s dej\u00e9 de usarlo. Durante todo este tiempo solo necesit\u00e9 hacer algunos peque\u00f1os mantenimientos, siempre baratos y r\u00e1pidos, realizados por la propia empresa. No me imagino una vida pr\u00e1ctica sin un aparato como este.<\/div><div class=\"w-testimonial-person\"><span class=\"w-testimonial-person-name\"><span>Jo\u00e3o Silverio<\/span><\/span><span class=\"w-testimonial-person-meta\">Belo Horizonte \/ MG<\/span><\/div><\/blockquote><\/div><div class=\"w-testimonial style_3\"><blockquote><div class=\"w-testimonial-text\">Dejo mi testimonio con mucha satisfacci\u00f3n. Vivo en R\u00edo de Janeiro y compr\u00e9 un ACX 50 Residencial en enero de 2015. Aunque, desde 2014 que recibo todas las orientaciones y aclaraciones de las dudas que ten\u00eda. Solicit\u00e9 un equipo directamente a Tritury, en Belo Horizonte, fue instalado en junio. Al encender el equipo, hubo un desajuste en los platinos y r\u00e1pidamente fui orientado a buscar un representante autorizado en R\u00edo para la soluci\u00f3n del problema. El representante resolvi\u00f3 el problema en 20 minutos.<br \/>\nLuego, tuvo un desajuste mec\u00e1nico en el cierre de la v\u00e1lvula superior, que sella al ACX por arriba. Nuevamente, fui orientado a buscar otro profesional autorizado en R\u00edo que comprob\u00f3 el peque\u00f1o defecto. Tritury no dud\u00f3 en enviarme un nuevo equipo, lleg\u00f3 a mi casa en una semana. Hoy, en julio de 2015, hace dos semana que el equipo est\u00e1 instalado y funcionando perfectamente. Me gustar\u00eda agradeces mucho a todo el equipo de Tributo por el profesionalismo y dedicaci\u00f3n de su marca.<br \/>\nEl procedimiento \u00e9tico trajo mucha inseguridad durante todo el per\u00edodo en que el equipo no funcion\u00f3. Este es el procedimiento correcto. Un ejemplo para todos los empresarios y comerciantes de nuestro pa\u00eds, respetar al cliente hasta las \u00faltimas consecuencias. Felicitaciones para Tritury. Fl\u00e1vio S Ferreira (Rio de Janeiro).<\/div><div class=\"w-testimonial-person\"><span class=\"w-testimonial-person-name\"><span>Fl\u00e1vio Soares Ferreira<\/span><\/span><span class=\"w-testimonial-person-meta\">Rio de Janeiro \/ RJ<\/span><\/div><\/blockquote><\/div><div class=\"w-testimonial style_3\"><blockquote><div class=\"w-testimonial-text\">Vuelvo a esta p\u00e1gina para dejar mi testimonio sobre el servicio de postventa. Tritury me atendi\u00f3 de forma irreprochable, pasados tres a\u00f1os de uso diario del producto, incluso sabiendo que dif\u00edcilmente vender\u00eda otro equipo similar para m\u00ed, dada la calidad y la durabilidad del ACX 50 RESIDENCIAL.<br \/>\nRecib\u00ed directa y r\u00e1pidamente la orientaci\u00f3n propia y el empe\u00f1o en auxiliar t\u00e9cnicamente del Director Comercial de la empresa, lo que incluy\u00f3 el accionar inmediato de la asistencia t\u00e9cnica en R\u00edo de Janeiro. As\u00ed pues, me sent\u00ed totalmente amparado, ante la duda que me asalt\u00f3 durante la utilizaci\u00f3n. Como mec\u00e1nico y electricista, contin\u00fao recomendando con empe\u00f1o los productos de Tritury.<br \/>\nLa presente menci\u00f3n se hace extensiva tambi\u00e9n a la concesionaria de asistencia t\u00e9cnica que refleja el cuidado con el cliente que brinda el fabricante. <\/div><div class=\"w-testimonial-person\"><span class=\"w-testimonial-person-name\"><span>Luiz Sergio Vaz Pereira<\/span><\/span><span class=\"w-testimonial-person-meta\">Rio de Janeiro \/ RJ<\/span><\/div><\/blockquote><\/div><div class=\"w-testimonial style_3\"><blockquote><div class=\"w-testimonial-text\">Primero, me gustar\u00eda agradecer el tratamiento que me fue dado, muy bueno. Acab\u00e9 de adquirir el triturador ACX50, me encontr\u00e9 que el equipo posee un acabado y una pieza para recorte de residuos muy buena, adem\u00e1s de no ser un producto fabricado en pl\u00e1stico, principalmente la pieza que recibo los desechos. Estoy us\u00e1ndolo y me encuentro muy satisfecho con el producto.<\/div><div class=\"w-testimonial-person\"><span class=\"w-testimonial-person-name\"><span>Cl\u00e1udio Medeiros<\/span><\/span><span class=\"w-testimonial-person-meta\">Bras\u00edlia \/ DF<\/span><\/div><\/blockquote><\/div><div class=\"w-testimonial style_3\"><blockquote><div class=\"w-testimonial-text\">Con satisfacci\u00f3n, retomo los contactos con su empresa, esta vez para hacer algunas consideraciones sobre el triturador ACX 50 despu\u00e9s de algunos meses de uso frecuente.<br \/>\nLa pre-venta y la venta corrieron dentro de las expectativas que todo comprador tiene y la atenci\u00f3n recibida fue excelente.<br \/>\nLa entrega del producto ocurri\u00f3 dentro del plazo prometido.<br \/>\nLa instalaci\u00f3n y el montaje del equipo no fueron complicados, tanto que yo mismo instal\u00e9 e hice la conexi\u00f3n a la red el\u00e9ctrica.<br \/>\nPor inexperiencia en el uso, acabamos probando tres veces la robustez y la resistencia del conjunto triturador-motor el\u00e9ctrico. La c\u00e1mara de trituraci\u00f3n resisti\u00f3 a dos cucharas de t\u00e9, en ocaciones separadas, y a 8 (ocho) clavos de acero, de 3 cm cada uno, que cayeron simult\u00e1neamente, por un descuido. En las tres ocasiones, el equipo se trab\u00f3 pero no se averi\u00f3 el motor, el\u00e9ctrico, lo que indica que es suficientemente fuerte y protegido contra sobrecargas. Yo mismo realic\u00e9 la retirada de los cuerpos extra\u00f1os. En el caso de la segunda cuchara, fue necesario desinstalar y desmontar el equipo en el mesada con la apertura de la parte superior de la c\u00e1mara (acci\u00f3n simple, incluso para quien no es mec\u00e1nico).<br \/>\nPor lo tanto, recomiendo mucho los productos de Tritury, por cumplir los requisitos enunciados por el fabricante.<\/div><div class=\"w-testimonial-person\"><span class=\"w-testimonial-person-name\"><span>Luiz Sergio Vaz Pereira<\/span><\/span><span class=\"w-testimonial-person-meta\">Rio de Janeiro \/ RJ<\/span><\/div><\/blockquote><\/div><div class=\"w-testimonial style_3\"><blockquote><div class=\"w-testimonial-text\">Tengo Tritury hace dos a\u00f1os en casa. Recomiendo su uso ya que facilita las tareas en la pileta de la cocina. Los desechos de casa son secos y sin olores, lo que no da lugar a la aparici\u00f3n de moscas ni de cucarachas. Recomiendo.<\/div><div class=\"w-testimonial-person\"><span class=\"w-testimonial-person-name\"><span>Telma Ziviani<\/span><\/span><span class=\"w-testimonial-person-meta\">Belo Horizonte - MG<\/span><\/div><\/blockquote><\/div><div class=\"w-testimonial style_3\"><blockquote><div class=\"w-testimonial-text\">Les comento que este el segundo triturador Tritury que compro y mi decisi\u00f3n de comprar otro nuevamente fue debido a la excelente calidad del producto, que nunca en estos m\u00e1s de 10 a\u00f1os me dio alg\u00fan tipo de problema. Felicitaciones por la calidad del producto y la seriedad de su empresa.<\/div><div class=\"w-testimonial-person\"><span class=\"w-testimonial-person-name\"><span>Rubens Alberto<\/span><\/span><span class=\"w-testimonial-person-meta\">Uberl\u00e2ndia - MG<\/span><\/div><\/blockquote><\/div><div class=\"w-testimonial style_3\"><blockquote><div class=\"w-testimonial-text\">Somos clientes desde hace 10 a\u00f1os sin ning\u00fan problema. En la mudanza para la casa nueva, nuestro Tritury fue reacondicionado, reinstalado y funciona perfectamente.<br \/>\n\u00a1Clientes por m\u00e1s de 10 a\u00f1os como m\u00ednimo!<\/div><div class=\"w-testimonial-person\"><span class=\"w-testimonial-person-name\"><span>Rubens Alberto<\/span><\/span><span class=\"w-testimonial-person-meta\">Belo Horizonte - MG<\/span><\/div><\/blockquote><\/div><div class=\"w-testimonial style_3\"><blockquote><div class=\"w-testimonial-text\">Mi padre compr\u00f3 un departamento en 1981 y ya en aquella \u00e9poca estaba instalado en la cocina un TWEENY. Vivimos en ese departamento hasta 1997 y nunca tuvimos problemas con el equipo. Estoy terminando mi casa aqu\u00ed en mi ciudad y voy a instalar un triturado de esta empresa. La calidad del producto es inigualable y tengo confianza en \u00e9l por conocerlo desde 1981. Lo recomiendo con los ojos cerrados.<\/div><div class=\"w-testimonial-person\"><span class=\"w-testimonial-person-name\"><span>Robson Eduardo de Olkiveira<\/span><\/span><span class=\"w-testimonial-person-meta\">Passos - MG<\/span><\/div><\/blockquote><\/div><div class=\"w-testimonial style_3\"><blockquote><div class=\"w-testimonial-text\">Soy usuario de Te\u00f1\u00ed desde enero de 1988, el a\u00f1o de mi mudanza para BH, cuyo edificio residencial estaba equipado con este triturador. Traslad\u00e1ndome para Uberlandia en 1992, compr\u00e9 un nuevo y lo instal\u00e9 en la nueva residencia. En el a\u00f1o 2000 me mud\u00e9 para Brasilia y nuevamente compr\u00e9 otro, siempre directo de la f\u00e1brica en BH.<br \/>\nSe trata de un producto excelente, nunca tuvo un defecto. Quien comienza a usarlo, no va a dejarlo. Nunca m\u00e1s.<br \/>\nOtra gran ventaja: no es made in China Es nacional, fabricado en metal, no en pl\u00e1stico. Nota 10.<\/div><div class=\"w-testimonial-person\"><span class=\"w-testimonial-person-name\"><span>Idon Sucupira<\/span><\/span><span class=\"w-testimonial-person-meta\">Bras\u00edlia \/ DF<\/span><\/div><\/blockquote><\/div><div class=\"w-testimonial style_3\"><blockquote><div class=\"w-testimonial-text\">Comunico mis mejores saludos a la empresa Augusto Clementino Ind y Com Ltda, tradicional productora del equipo &#8220;Tritury&#8221;. Soy cliente desde hace m\u00e1s de dos d\u00e9cadas, y he comprado varias trituradoras dom\u00e9sticas, que usamos diariamente. Es una de las mejores creaciones de practicidad y confort ya inventadas. Hace unos d\u00edas necesit\u00e9 la asistencia t\u00e9cnica para un equipo que adquiri\u00f3 en 1992, y que funcion\u00f3 desde entonces. Fui maravillosamente bien atendido, muy atento y mucha prontitud de parte del Sr. Augusto, quien despu\u00e9s varios intercambios de emails, me envi\u00f3 por Sede las piezas que solicit\u00e9 para reponer en el equipo, que volvi\u00f3 a funcionar perfectamente.<br \/>\nEl respeto a los clientes es evidente, y prueba una vez m\u00e1s que la calidad &#8220;made in Brazil&#8221;, producto y servicio, supera siempre a los &#8220;made in China&#8221; cuyo apelo al precio, al final, siempre sale m\u00e1s caro.<br \/>\nUna vez m\u00e1s, gracias, Sr. Augusto. \u00a1Qu\u00e9 contin\u00faen con este \u00e9xito!<\/div><div class=\"w-testimonial-person\"><span class=\"w-testimonial-person-name\"><span>Idon Sucupira<\/span><\/span><span class=\"w-testimonial-person-meta\">Bento Gon\u00e7alves \/ RS<\/span><\/div><\/blockquote><\/div><div class=\"w-testimonial style_3\"><blockquote><div class=\"w-testimonial-text\">Poseo un triturador de uso residencial desde hace 20 a\u00f1os y funciona como nuevo. Recientemente, en una nueva reforma del apartamento, el electricista conect\u00f3 el equipo de110V a un toma de 227V y quem\u00f3 el reforzador. El Sr. Augusto de Tritury Te\u00f1\u00ed fue muy gentil al tel\u00e9fono y r\u00e1pidamente me env\u00eda v\u00eda SEDEX un panel de control completo y, principalmente, original. Tambi\u00e9n se interes\u00f3 por la soluci\u00f3n del problema. Esto ya hab\u00eda ocurrido cuando me envi\u00f3 otras piezas originales para reposici\u00f3n. Realmente, se trata de la MEJOR atenci\u00f3n posventa que conozco. Deseo que el \u00e9xito de Tritury Te\u00f1\u00ed, fabricante de productos \u00fatiles, eficientes y resistentes y con un servicio posventa que enorgullece a los brasile\u00f1os; sea cada vez m\u00e1s grande. Estoy muy agradecido por la atenci\u00f3n brindada.<\/div><div class=\"w-testimonial-person\"><span class=\"w-testimonial-person-name\"><span>Renato Ciampi Moreira<\/span><\/span><span class=\"w-testimonial-person-meta\">Juiz de Fora \/ MG<\/span><\/div><\/blockquote><\/div><\/div><\/div><\/div><\/div><\/section><section class=\"l-section wpb_row height_medium color_secondary\"><div class=\"l-section-h i-cf\"><div class=\"g-cols offset_small\"><div class=\"vc_col-sm-12 wpb_column vc_column_container\"><div class=\"vc_column-inner\"><div class=\"w-btn-wrapper align_center\"><a class=\"w-btn style_outlined color_white icon_none\" href=\"http:\/\/tritury.com.br\/es\/testimonios\/formulario-para-envio-de-testimonio\/\" style=\"font-size: 25px;\"><span class=\"w-btn-label\">Para enviar su testimonio, rellene el formulario haciendo clic aqu\u00ed.<\/span><\/a><\/div><\/div><\/div><\/div><\/div><\/section>\n","protected":false},"excerpt":{"rendered":"El equipo fue instalado perfectamente. El tiempo de la atenci\u00f3n fue fant\u00e1stico. El funcionario responsable de la instalaci\u00f3n adem\u00e1s de muy solicitado, es tambi\u00e9n muy muy educado, simp\u00e1tico y excelente profesional.Paraben para la empresa. De hoy en adelante, vendr\u00e9 un fan de la empresa.Sylvio Mauro de CastroBelo Horizonte \/ MGAtenci\u00f3n al cliente todos los plazos...","protected":false},"author":1,"featured_media":0,"parent":0,"menu_order":0,"comment_status":"closed","ping_status":"closed","template":"","meta":{"_joinchat":[],"footnotes":""},"yoast_head":"<!-- This site is optimized with the Yoast SEO plugin v24.5 - https:\/\/yoast.com\/wordpress\/plugins\/seo\/ -->\n<title>Testimonios - Tritury Tweeny<\/title>\n<meta name=\"robots\" content=\"index, follow, max-snippet:-1, max-image-preview:large, max-video-preview:-1\" \/>\n<link rel=\"canonical\" href=\"https:\/\/tritury.com.br\/es\/testimonios\/\" \/>\n<meta property=\"og:locale\" content=\"es_ES\" \/>\n<meta property=\"og:type\" content=\"article\" \/>\n<meta property=\"og:title\" content=\"Testimonios - Tritury Tweeny\" \/>\n<meta property=\"og:url\" content=\"https:\/\/tritury.com.br\/es\/testimonios\/\" \/>\n<meta property=\"og:site_name\" content=\"Tritury Tweeny\" \/>\n<meta property=\"article:modified_time\" content=\"2018-06-02T21:08:19+00:00\" \/>\n<meta name=\"twitter:card\" content=\"summary_large_image\" \/>\n<meta name=\"twitter:label1\" content=\"Est. reading time\" \/>\n\t<meta name=\"twitter:data1\" content=\"10 minutes\" \/>\n<script type=\"application\/ld+json\" class=\"yoast-schema-graph\">{\"@context\":\"https:\/\/schema.org\",\"@graph\":[{\"@type\":\"WebPage\",\"@id\":\"https:\/\/tritury.com.br\/es\/testimonios\/\",\"url\":\"https:\/\/tritury.com.br\/es\/testimonios\/\",\"name\":\"Testimonios - Tritury Tweeny\",\"isPartOf\":{\"@id\":\"https:\/\/tritury.com.br\/es\/#website\"},\"datePublished\":\"2016-10-16T20:01:31+00:00\",\"dateModified\":\"2018-06-02T21:08:19+00:00\",\"breadcrumb\":{\"@id\":\"https:\/\/tritury.com.br\/es\/testimonios\/#breadcrumb\"},\"inLanguage\":\"es-ES\",\"potentialAction\":[{\"@type\":\"ReadAction\",\"target\":[\"https:\/\/tritury.com.br\/es\/testimonios\/\"]}]},{\"@type\":\"BreadcrumbList\",\"@id\":\"https:\/\/tritury.com.br\/es\/testimonios\/#breadcrumb\",\"itemListElement\":[{\"@type\":\"ListItem\",\"position\":1,\"name\":\"In\u00edcio\",\"item\":\"https:\/\/tritury.com.br\/es\/\"},{\"@type\":\"ListItem\",\"position\":2,\"name\":\"Testimonios\"}]},{\"@type\":\"WebSite\",\"@id\":\"https:\/\/tritury.com.br\/es\/#website\",\"url\":\"https:\/\/tritury.com.br\/es\/\",\"name\":\"Tritury Tweeny\",\"description\":\"Trituradores de Desechos\",\"potentialAction\":[{\"@type\":\"SearchAction\",\"target\":{\"@type\":\"EntryPoint\",\"urlTemplate\":\"https:\/\/tritury.com.br\/es\/?s={search_term_string}\"},\"query-input\":{\"@type\":\"PropertyValueSpecification\",\"valueRequired\":true,\"valueName\":\"search_term_string\"}}],\"inLanguage\":\"es-ES\"}]}<\/script>\n<!-- \/ Yoast SEO plugin. -->","yoast_head_json":{"title":"Testimonios - Tritury Tweeny","robots":{"index":"index","follow":"follow","max-snippet":"max-snippet:-1","max-image-preview":"max-image-preview:large","max-video-preview":"max-video-preview:-1"},"canonical":"https:\/\/tritury.com.br\/es\/testimonios\/","og_locale":"es_ES","og_type":"article","og_title":"Testimonios - Tritury Tweeny","og_url":"https:\/\/tritury.com.br\/es\/testimonios\/","og_site_name":"Tritury Tweeny","article_modified_time":"2018-06-02T21:08:19+00:00","twitter_card":"summary_large_image","twitter_misc":{"Est. reading time":"10 minutes"},"schema":{"@context":"https:\/\/schema.org","@graph":[{"@type":"WebPage","@id":"https:\/\/tritury.com.br\/es\/testimonios\/","url":"https:\/\/tritury.com.br\/es\/testimonios\/","name":"Testimonios - Tritury Tweeny","isPartOf":{"@id":"https:\/\/tritury.com.br\/es\/#website"},"datePublished":"2016-10-16T20:01:31+00:00","dateModified":"2018-06-02T21:08:19+00:00","breadcrumb":{"@id":"https:\/\/tritury.com.br\/es\/testimonios\/#breadcrumb"},"inLanguage":"es-ES","potentialAction":[{"@type":"ReadAction","target":["https:\/\/tritury.com.br\/es\/testimonios\/"]}]},{"@type":"BreadcrumbList","@id":"https:\/\/tritury.com.br\/es\/testimonios\/#breadcrumb","itemListElement":[{"@type":"ListItem","position":1,"name":"In\u00edcio","item":"https:\/\/tritury.com.br\/es\/"},{"@type":"ListItem","position":2,"name":"Testimonios"}]},{"@type":"WebSite","@id":"https:\/\/tritury.com.br\/es\/#website","url":"https:\/\/tritury.com.br\/es\/","name":"Tritury Tweeny","description":"Trituradores de Desechos","potentialAction":[{"@type":"SearchAction","target":{"@type":"EntryPoint","urlTemplate":"https:\/\/tritury.com.br\/es\/?s={search_term_string}"},"query-input":{"@type":"PropertyValueSpecification","valueRequired":true,"valueName":"search_term_string"}}],"inLanguage":"es-ES"}]}},"_links":{"self":[{"href":"https:\/\/tritury.com.br\/es\/wp-json\/wp\/v2\/pages\/2068"}],"collection":[{"href":"https:\/\/tritury.com.br\/es\/wp-json\/wp\/v2\/pages"}],"about":[{"href":"https:\/\/tritury.com.br\/es\/wp-json\/wp\/v2\/types\/page"}],"author":[{"embeddable":true,"href":"https:\/\/tritury.com.br\/es\/wp-json\/wp\/v2\/users\/1"}],"replies":[{"embeddable":true,"href":"https:\/\/tritury.com.br\/es\/wp-json\/wp\/v2\/comments?post=2068"}],"version-history":[{"count":3,"href":"https:\/\/tritury.com.br\/es\/wp-json\/wp\/v2\/pages\/2068\/revisions"}],"predecessor-version":[{"id":2740,"href":"https:\/\/tritury.com.br\/es\/wp-json\/wp\/v2\/pages\/2068\/revisions\/2740"}],"wp:attachment":[{"href":"https:\/\/tritury.com.br\/es\/wp-json\/wp\/v2\/media?parent=2068"}],"curies":[{"name":"wp","href":"https:\/\/api.w.org\/{rel}","templated":true}]}}