{"id":2063,"date":"2016-10-16T17:54:43","date_gmt":"2016-10-16T19:54:43","guid":{"rendered":"http:\/\/tritury.com.br\/?page_id=2063"},"modified":"2018-06-02T18:19:02","modified_gmt":"2018-06-02T21:19:02","slug":"dudas","status":"publish","type":"page","link":"https:\/\/tritury.com.br\/es\/dudas\/","title":{"rendered":"Dudas"},"content":{"rendered":"<section class=\"l-section wpb_row height_medium\"><div class=\"l-section-h i-cf\"><div class=\"g-cols offset_small\"><div class=\"vc_col-sm-12 wpb_column vc_column_container\"><div class=\"vc_column-inner\"><div class=\"w-tabs layout_default accordion title_left icon_chevron iconpos_right \"><div class=\"w-tabs-list items_16\"><div class=\"w-tabs-list-h\"><div class=\"w-tabs-item active with_icon\"><a href=\"#1476647243367-f4fba6aa-f20f\" class=\"w-tabs-item-h\"><i class=\"fa fa-arrow-right\"><\/i><span class=\"w-tabs-item-title\">\u00bfQu\u00e9 es un triturador de residuos org\u00e1nicos?<\/span><\/a><\/div>\n<div class=\"w-tabs-item with_icon\"><a href=\"#1476647329099-a0b96ce1-30fa\" class=\"w-tabs-item-h\"><i class=\"fa fa-arrow-right\"><\/i><span class=\"w-tabs-item-title\">\u00bfQu\u00e9 es lo que hace TRITURY?<\/span><\/a><\/div>\n<div class=\"w-tabs-item with_icon\"><a href=\"#1476647357708-4f03c7f0-2d6a\" class=\"w-tabs-item-h\"><i class=\"fa fa-arrow-right\"><\/i><span class=\"w-tabs-item-title\">\u00bfEs seguro usar TRITURY?<\/span><\/a><\/div>\n<div class=\"w-tabs-item with_icon\"><a href=\"#1476647416272-7824f8d5-8fdc\" class=\"w-tabs-item-h\"><i class=\"fa fa-arrow-right\"><\/i><span class=\"w-tabs-item-title\">\u00bfQu\u00e9 puede triturar TRITURY?<\/span><\/a><\/div>\n<div class=\"w-tabs-item with_icon\"><a href=\"#1476647439646-7284de6b-6af9\" class=\"w-tabs-item-h\"><i class=\"fa fa-arrow-right\"><\/i><span class=\"w-tabs-item-title\">\u00bfEs posible instalar TRITURY en cocinas peque\u00f1as?<\/span><\/a><\/div>\n<div class=\"w-tabs-item with_icon\"><a href=\"#1476647463964-d0d993c0-96f2\" class=\"w-tabs-item-h\"><i class=\"fa fa-arrow-right\"><\/i><span class=\"w-tabs-item-title\">\u00bfTRITURY puede usarse en casas con c\u00e1mara s\u00e9ptica?<\/span><\/a><\/div>\n<div class=\"w-tabs-item with_icon\"><a href=\"#1476647483368-adbf9222-948f\" class=\"w-tabs-item-h\"><i class=\"fa fa-arrow-right\"><\/i><span class=\"w-tabs-item-title\">\u00bfLos trituradores son ruidosos?<\/span><\/a><\/div>\n<div class=\"w-tabs-item with_icon\"><a href=\"#1476647499754-58b229cf-f8dd\" class=\"w-tabs-item-h\"><i class=\"fa fa-arrow-right\"><\/i><span class=\"w-tabs-item-title\">\u00bfCu\u00e1nta agua y electricidad TRITURY usa?<\/span><\/a><\/div>\n<div class=\"w-tabs-item with_icon\"><a href=\"#1476647522933-77786adf-ac78\" class=\"w-tabs-item-h\"><i class=\"fa fa-arrow-right\"><\/i><span class=\"w-tabs-item-title\">\u00bfLos trituradores de desechos org\u00e1nicos son durables?<\/span><\/a><\/div>\n<div class=\"w-tabs-item with_icon\"><a href=\"#1476647546727-cdb6b288-b9b3\" class=\"w-tabs-item-h\"><i class=\"fa fa-arrow-right\"><\/i><span class=\"w-tabs-item-title\">\u00bfQu\u00e9 sucedo si algo cae dentro de triturador?<\/span><\/a><\/div>\n<div class=\"w-tabs-item with_icon\"><a href=\"#1476647562897-6edef8f4-a972\" class=\"w-tabs-item-h\"><i class=\"fa fa-arrow-right\"><\/i><span class=\"w-tabs-item-title\">\u00bfQu\u00e9 hacer si su equipo se traba y deja de funcionar?<\/span><\/a><\/div>\n<div class=\"w-tabs-item with_icon\"><a href=\"#1476647585669-aa4707a1-c9cb\" class=\"w-tabs-item-h\"><i class=\"fa fa-arrow-right\"><\/i><span class=\"w-tabs-item-title\">Si TRITURY se traba, \u00bfpuedo usar la pileta normalmente?<\/span><\/a><\/div>\n<div class=\"w-tabs-item with_icon\"><a href=\"#1476647606163-3adc8c92-8848\" class=\"w-tabs-item-h\"><i class=\"fa fa-arrow-right\"><\/i><span class=\"w-tabs-item-title\">\u00bfQu\u00e9 tipo de mantenimiento necesita TRITURY?<\/span><\/a><\/div>\n<div class=\"w-tabs-item with_icon\"><a href=\"#1476647622743-901e43cc-9084\" class=\"w-tabs-item-h\"><i class=\"fa fa-arrow-right\"><\/i><span class=\"w-tabs-item-title\">\u00bfLa potencia del motor influye en el funcionamiento?<\/span><\/a><\/div>\n<div class=\"w-tabs-item with_icon\"><a href=\"#1476647643058-e5874c36-a2af\" class=\"w-tabs-item-h\"><i class=\"fa fa-arrow-right\"><\/i><span class=\"w-tabs-item-title\">\u00bfPuedo triturar huesos?<\/span><\/a><\/div>\n<div class=\"w-tabs-item with_icon\"><a href=\"#1476647664380-d8cce5e7-38e2\" class=\"w-tabs-item-h\"><i class=\"fa fa-arrow-right\"><\/i><span class=\"w-tabs-item-title\">\u00bfEl peso del triturador puede aflojar mi bacha\/pileta?<\/span><\/a><\/div>\n<\/div><\/div><div class=\"w-tabs-sections\"><div class=\"w-tabs-sections-h\"><div class=\"w-tabs-section with_icon active\" id=\"1476647243367-f4fba6aa-f20f\"><a href=\"#1476647243367-f4fba6aa-f20f\" class=\"w-tabs-section-header\"><div class=\"w-tabs-section-header-h\"><i class=\"fa fa-arrow-right\"><\/i><h5 class=\"w-tabs-section-title\">\u00bfQu\u00e9 es un triturador de residuos org\u00e1nicos?<\/h5><div class=\"w-tabs-section-control\"><\/div><\/div><\/a><div class=\"w-tabs-section-content\"><div class=\"w-tabs-section-content-h i-cf\"><div class=\"wpb_text_column \"><div class=\"wpb_wrapper\"><p>\u2013 Un triturador de residuos org\u00e1nicos es un aparato de cocina moderno, que por su facilidad de uso y durabilidad, puede encontrarse en m\u00e1s de 50 millones de residencias en todo el mundo.<\/p>\n<p>\u2013 Est\u00e1 instalado por debajo de la bacha de la pileta de la cocina y con salida a la red de desag\u00fce.<\/p>\n<p>\u2013 Los restos alimenticios van directamente de la bacha al triturador que junto con una corriente de agua fr\u00eda los tritura en part\u00edculas finas que se eliminan por el desag\u00fce.<\/p><\/div> <\/div> <\/div><\/div><\/div><div class=\"w-tabs-section with_icon\" id=\"1476647329099-a0b96ce1-30fa\"><a href=\"#1476647329099-a0b96ce1-30fa\" class=\"w-tabs-section-header\"><div class=\"w-tabs-section-header-h\"><i class=\"fa fa-arrow-right\"><\/i><h5 class=\"w-tabs-section-title\">\u00bfQu\u00e9 es lo que hace TRITURY?<\/h5><div class=\"w-tabs-section-control\"><\/div><\/div><\/a><div class=\"w-tabs-section-content\"><div class=\"w-tabs-section-content-h i-cf\"><div class=\"wpb_text_column \"><div class=\"wpb_wrapper\"><p>\u2013 Con el, todas las sobras de una comida o las de su preparaci\u00f3n son eliminadas de una manera simple, r\u00e1pida y silenciosa, en forma l\u00edquida, directamente por el desag\u00fce.<\/p>\n<p>\u2013 Transforma a los desechos en nada, resuelve el problema de las piletas obstruidas, los malos olores y otras tareas desagradables.<\/p><\/div> <\/div> <\/div><\/div><\/div><div class=\"w-tabs-section with_icon\" id=\"1476647357708-4f03c7f0-2d6a\"><a href=\"#1476647357708-4f03c7f0-2d6a\" class=\"w-tabs-section-header\"><div class=\"w-tabs-section-header-h\"><i class=\"fa fa-arrow-right\"><\/i><h5 class=\"w-tabs-section-title\">\u00bfEs seguro usar TRITURY?<\/h5><div class=\"w-tabs-section-control\"><\/div><\/div><\/a><div class=\"w-tabs-section-content\"><div class=\"w-tabs-section-content-h i-cf\"><div class=\"wpb_text_column \"><div class=\"wpb_wrapper\"><p>\u2013 S\u00ed, El triturador de alimento es uno de los aparatos dom\u00e9sticos m\u00e1s seguros.<\/p>\n<p>\u2013 Existe un malentendido com\u00fan de que un triturador de desechos org\u00e1nicos TRITURY posee l\u00e1minas o cuchillas que cortan el alimento. En realidad, solo dos ruedas dentadas fijas, con contornos cuidadosamente estudiados para garantizar la eliminaci\u00f3n r\u00e1pida y constante de los desecho alimenticios. Esta acci\u00f3n de trituraci\u00f3n reduce los residuos de alimentos en part\u00edculas finas del tama\u00f1o de aproximadamente de una cabeza de f\u00f3sforo. Estas part\u00edculas son lanzadas al desag\u00fce.<\/p><\/div> <\/div> <\/div><\/div><\/div><div class=\"w-tabs-section with_icon\" id=\"1476647416272-7824f8d5-8fdc\"><a href=\"#1476647416272-7824f8d5-8fdc\" class=\"w-tabs-section-header\"><div class=\"w-tabs-section-header-h\"><i class=\"fa fa-arrow-right\"><\/i><h5 class=\"w-tabs-section-title\">\u00bfQu\u00e9 puede triturar TRITURY?<\/h5><div class=\"w-tabs-section-control\"><\/div><\/div><\/a><div class=\"w-tabs-section-content\"><div class=\"w-tabs-section-content-h i-cf\"><div class=\"wpb_text_column \"><div class=\"wpb_wrapper\"><strong>Que puede triturar:<\/strong><br \/>\n\u2013 Carozos de durazno y manzanas, cascaras de naranja;<br \/>\n\u2013 Cascaras de huevos y casta\u00f1as;<br \/>\n\u2013 Residuos vegetales;<br \/>\n\u2013 Carne y pieles;<br \/>\n\u2013 Restos de pescado y las espinas respectivamente;<br \/>\n\u2013 Arroz y pastas.<\/p>\n<p><strong>Que no debe triturarse:<\/strong><br \/>\n\u2013 Apio y otros materiales fibrosos;<br \/>\n\u2013 Conchas de moluscos y conchas duras semejantes;<br \/>\n\u2013 Productos qu\u00edmicos nocivos o agentes de limpieza abrasivos;<br \/>\n\u2013 Papel, pl\u00e1stico, metal, vidrio o cer\u00e1mica.<\/div> <\/div> <\/div><\/div><\/div><div class=\"w-tabs-section with_icon\" id=\"1476647439646-7284de6b-6af9\"><a href=\"#1476647439646-7284de6b-6af9\" class=\"w-tabs-section-header\"><div class=\"w-tabs-section-header-h\"><i class=\"fa fa-arrow-right\"><\/i><h5 class=\"w-tabs-section-title\">\u00bfEs posible instalar TRITURY en cocinas peque\u00f1as?<\/h5><div class=\"w-tabs-section-control\"><\/div><\/div><\/a><div class=\"w-tabs-section-content\"><div class=\"w-tabs-section-content-h i-cf\"><div class=\"wpb_text_column \"><div class=\"wpb_wrapper\"><p>\u2013 Los trituradores de desechos org\u00e1nicos pueden ser f\u00e1cilmente adaptados para cualquier tipo de bacha, dejando espacio para los productos de limpieza o productos de cocina.<\/p>\n<p>\u2013 Los trituradores de desechos org\u00e1nicos no tienen elementos de desechos superficiales o innecesarios para ocupar un espacio valioso de almacenamiento debajo de la pileta.<\/p><\/div> <\/div> <\/div><\/div><\/div><div class=\"w-tabs-section with_icon\" id=\"1476647463964-d0d993c0-96f2\"><a href=\"#1476647463964-d0d993c0-96f2\" class=\"w-tabs-section-header\"><div class=\"w-tabs-section-header-h\"><i class=\"fa fa-arrow-right\"><\/i><h5 class=\"w-tabs-section-title\">\u00bfTRITURY puede usarse en casas con c\u00e1mara s\u00e9ptica?<\/h5><div class=\"w-tabs-section-control\"><\/div><\/div><\/a><div class=\"w-tabs-section-content\"><div class=\"w-tabs-section-content-h i-cf\"><div class=\"wpb_text_column \"><div class=\"wpb_wrapper\"><p>\u2013 S\u00ed. Inclusive, los sistemas de c\u00e1mara s\u00e9ptica necesitan de una cierta cantidad de sustancias derivadas de alimentos para acelerar las diferentes reacciones biol\u00f3gicas. Una fosa normal con 2.800 litros es perfectamente adecuada.<\/p><\/div> <\/div> <\/div><\/div><\/div><div class=\"w-tabs-section with_icon\" id=\"1476647483368-adbf9222-948f\"><a href=\"#1476647483368-adbf9222-948f\" class=\"w-tabs-section-header\"><div class=\"w-tabs-section-header-h\"><i class=\"fa fa-arrow-right\"><\/i><h5 class=\"w-tabs-section-title\">\u00bfLos trituradores son ruidosos?<\/h5><div class=\"w-tabs-section-control\"><\/div><\/div><\/a><div class=\"w-tabs-section-content\"><div class=\"w-tabs-section-content-h i-cf\"><div class=\"wpb_text_column \"><div class=\"wpb_wrapper\"><p>\u2013 La mayor\u00eda de las personas se sorprenden al descubrir que los trituradores de desechos org\u00e1nicos son relativamente silenciosos.<\/p>\n<p>\u2013 Los modelos contienen materiales a prueba de sonido extra para reducir a\u00fan m\u00e1s el nivel del ruido.<\/p><\/div> <\/div> <\/div><\/div><\/div><div class=\"w-tabs-section with_icon\" id=\"1476647499754-58b229cf-f8dd\"><a href=\"#1476647499754-58b229cf-f8dd\" class=\"w-tabs-section-header\"><div class=\"w-tabs-section-header-h\"><i class=\"fa fa-arrow-right\"><\/i><h5 class=\"w-tabs-section-title\">\u00bfCu\u00e1nta agua y electricidad TRITURY usa?<\/h5><div class=\"w-tabs-section-control\"><\/div><\/div><\/a><div class=\"w-tabs-section-content\"><div class=\"w-tabs-section-content-h i-cf\"><div class=\"wpb_text_column \"><div class=\"wpb_wrapper\"><p>\u2013 La acci\u00f3n de trituraci\u00f3n r\u00e1pida del TRITURY mantiene el uso de agua al m\u00ednimo absoluto. Normalmente, hay un aumento de tan solo 0,04% en el consume de agua residencial.<\/p>\n<p>\u2013 El consumo promedio de energ\u00eda el\u00e9ctrica de un triturador de desechos org\u00e1nicos es de 0,33 cv en un mes, \u00a1es igual al consumo de energ\u00eda de una l\u00e1mpara de 100 watts en una hora! (3,7 watts\/hora).<\/p>\n<p>\u2013 Estudios recientes indican que el triturador funciona, en promedio, 60 segundos por d\u00eda.<\/p><\/div> <\/div> <\/div><\/div><\/div><div class=\"w-tabs-section with_icon\" id=\"1476647522933-77786adf-ac78\"><a href=\"#1476647522933-77786adf-ac78\" class=\"w-tabs-section-header\"><div class=\"w-tabs-section-header-h\"><i class=\"fa fa-arrow-right\"><\/i><h5 class=\"w-tabs-section-title\">\u00bfLos trituradores de desechos org\u00e1nicos son durables?<\/h5><div class=\"w-tabs-section-control\"><\/div><\/div><\/a><div class=\"w-tabs-section-content\"><div class=\"w-tabs-section-content-h i-cf\"><div class=\"wpb_text_column \"><div class=\"wpb_wrapper\"><p>\u2013 Cada modelo presenta una garant\u00eda de 3 a\u00f1os, aunque es muy raro que su triturador de desechos org\u00e1nicos necesite asistencia durante el per\u00edodo de garant\u00eda (solo 1 de cada 2.500).<\/p>\n<p>\u2013 Es normal tener trituradores de desechos org\u00e1nicos que funcionan perfectamente a\u00fan despu\u00e9s de 25 a\u00f1os de uso.<\/p><\/div> <\/div> <\/div><\/div><\/div><div class=\"w-tabs-section with_icon\" id=\"1476647546727-cdb6b288-b9b3\"><a href=\"#1476647546727-cdb6b288-b9b3\" class=\"w-tabs-section-header\"><div class=\"w-tabs-section-header-h\"><i class=\"fa fa-arrow-right\"><\/i><h5 class=\"w-tabs-section-title\">\u00bfQu\u00e9 sucedo si algo cae dentro de triturador?<\/h5><div class=\"w-tabs-section-control\"><\/div><\/div><\/a><div class=\"w-tabs-section-content\"><div class=\"w-tabs-section-content-h i-cf\"><div class=\"wpb_text_column \"><div class=\"wpb_wrapper\"><p>\u2013 Si algo que no debe ser triturado cae dentro del triturador, ap\u00e1guelo inmediatamente.<\/p>\n<p>\u2013 Verifique que el triturador est\u00e9 desenchufado e introduzca la mano para retirar el objeto. Esto es perfectamente seguro, ya que no dentro del triturador no hay l\u00e1minas para cortar o rasgu\u00f1ar su mano.<\/p>\n<p>\u2013 Pueden usarse utensillos caseros como pinzas para retirar el objeto.<\/p><\/div> <\/div> <\/div><\/div><\/div><div class=\"w-tabs-section with_icon\" id=\"1476647562897-6edef8f4-a972\"><a href=\"#1476647562897-6edef8f4-a972\" class=\"w-tabs-section-header\"><div class=\"w-tabs-section-header-h\"><i class=\"fa fa-arrow-right\"><\/i><h5 class=\"w-tabs-section-title\">\u00bfQu\u00e9 hacer si su equipo se traba y deja de funcionar?<\/h5><div class=\"w-tabs-section-control\"><\/div><\/div><\/a><div class=\"w-tabs-section-content\"><div class=\"w-tabs-section-content-h i-cf\"><div class=\"wpb_text_column \"><div class=\"wpb_wrapper\"><p>\u2013 Probablemente, alg\u00fan objeto que no puede ser triturado ha ca\u00eddo dentro del triturador.<\/p>\n<p>\u2013 Ap\u00e1guelo y utilice la llave de servicio que acompa\u00f1a a todos nuestros trituradores (exclusivos TRITURY).<\/p>\n<p>\u2013 Coloque la llave de des trabamiento dentro de la v\u00e1lvula de la pileta y g\u00edrela para destrabar el triturador.<\/p>\n<p>\u2013 Retire el objeto y aprete el bot\u00f3n rojo ubicado en la parte superior del panel. Este bot\u00f3n es un dispositivo de seguridad que impide que el motor del triturador sea da\u00f1ado en caso de atascos.<\/p><\/div> <\/div> <\/div><\/div><\/div><div class=\"w-tabs-section with_icon\" id=\"1476647585669-aa4707a1-c9cb\"><a href=\"#1476647585669-aa4707a1-c9cb\" class=\"w-tabs-section-header\"><div class=\"w-tabs-section-header-h\"><i class=\"fa fa-arrow-right\"><\/i><h5 class=\"w-tabs-section-title\">Si TRITURY se traba, \u00bfpuedo usar la pileta normalmente?<\/h5><div class=\"w-tabs-section-control\"><\/div><\/div><\/a><div class=\"w-tabs-section-content\"><div class=\"w-tabs-section-content-h i-cf\"><div class=\"wpb_text_column \"><div class=\"wpb_wrapper\"><p>\u2013 S\u00ed, puede. En el caso de que su triturado de desechos org\u00e1nicos presente alg\u00fan problema, el agua continuar\u00e1 pasando y le permitir\u00e1 usar la pileta.<\/p>\n<p>\u2013 Las obstrucciones del triturador no son normales y f\u00e1ciles de solucionarlas.<\/p>\n<p>\u2013 Para esas ocasiones raras en que un triturador de desechos org\u00e1nicos queda obstruido, existe una llave simple que le permitir\u00e1 liberar al equipo de la obstrucci\u00f3n con un movimiento f\u00e1cil.<\/p><\/div> <\/div> <\/div><\/div><\/div><div class=\"w-tabs-section with_icon\" id=\"1476647606163-3adc8c92-8848\"><a href=\"#1476647606163-3adc8c92-8848\" class=\"w-tabs-section-header\"><div class=\"w-tabs-section-header-h\"><i class=\"fa fa-arrow-right\"><\/i><h5 class=\"w-tabs-section-title\">\u00bfQu\u00e9 tipo de mantenimiento necesita TRITURY?<\/h5><div class=\"w-tabs-section-control\"><\/div><\/div><\/a><div class=\"w-tabs-section-content\"><div class=\"w-tabs-section-content-h i-cf\"><div class=\"wpb_text_column \"><div class=\"wpb_wrapper\"><p>\u2013 Cada modelo presenta una garant\u00eda de 3 a\u00f1os, aunque es muy raro que su triturador de desechos org\u00e1nicos necesite asistencia durante el per\u00edodo de garant\u00eda (solo 1 de cada 2.500).<\/p>\n<p>\u2013 En caso que surjan problemas, no deje de ponerse en contacto con un representante autorizado.<\/p><\/div> <\/div> <\/div><\/div><\/div><div class=\"w-tabs-section with_icon\" id=\"1476647622743-901e43cc-9084\"><a href=\"#1476647622743-901e43cc-9084\" class=\"w-tabs-section-header\"><div class=\"w-tabs-section-header-h\"><i class=\"fa fa-arrow-right\"><\/i><h5 class=\"w-tabs-section-title\">\u00bfLa potencia del motor influye en el funcionamiento?<\/h5><div class=\"w-tabs-section-control\"><\/div><\/div><\/a><div class=\"w-tabs-section-content\"><div class=\"w-tabs-section-content-h i-cf\"><div class=\"wpb_text_column \"><div class=\"wpb_wrapper\"><p>\u2013 Al contrario de lo que la mayor\u00eda de las personas piensa, la potencia del motor no est\u00e1 directamente relacionada con una mejor trituraci\u00f3n.<\/p>\n<p>\u2013 A pesar de que poseen motores extremadamente potentes para la realizaci\u00f3n del trabajo de trituraci\u00f3n de restos alimenticios, los modelos fabricados por TRITURY poseen anillo y disco de corte de acero inoxidable especial, responsables de una mayor eficiencia en el proceso de trituraci\u00f3n.<\/p><\/div> <\/div> <\/div><\/div><\/div><div class=\"w-tabs-section with_icon\" id=\"1476647643058-e5874c36-a2af\"><a href=\"#1476647643058-e5874c36-a2af\" class=\"w-tabs-section-header\"><div class=\"w-tabs-section-header-h\"><i class=\"fa fa-arrow-right\"><\/i><h5 class=\"w-tabs-section-title\">\u00bfPuedo triturar huesos?<\/h5><div class=\"w-tabs-section-control\"><\/div><\/div><\/a><div class=\"w-tabs-section-content\"><div class=\"w-tabs-section-content-h i-cf\"><div class=\"wpb_text_column \"><div class=\"wpb_wrapper\"><p>S\u00ed. El triturador puede triturar cualquier tipo de desecho org\u00e1nico. Solo no pueden triturarse residuos muy fibrosos, tales como la barba de choclo, alcachofa, tallo de acelga, hilos, cuerdas, etc.<\/p><\/div> <\/div> <\/div><\/div><\/div><div class=\"w-tabs-section with_icon\" id=\"1476647664380-d8cce5e7-38e2\"><a href=\"#1476647664380-d8cce5e7-38e2\" class=\"w-tabs-section-header\"><div class=\"w-tabs-section-header-h\"><i class=\"fa fa-arrow-right\"><\/i><h5 class=\"w-tabs-section-title\">\u00bfEl peso del triturador puede aflojar mi bacha\/pileta?<\/h5><div class=\"w-tabs-section-control\"><\/div><\/div><\/a><div class=\"w-tabs-section-content\"><div class=\"w-tabs-section-content-h i-cf\"><div class=\"wpb_text_column \"><div class=\"wpb_wrapper\"><p>No. Son muy raro los casos en que la pileta se suelta por causa del peso del triturador. En verdad, el peso del equipo es relativamente leve si se lo compara con una pileta llena de platos y ollas.<\/p><\/div> <\/div> <\/div><\/div><\/div><\/div><\/div><\/div><\/div><\/div><\/div><\/div><\/section>\n","protected":false},"excerpt":{"rendered":"\u00bfQu\u00e9 es un triturador de residuos org\u00e1nicos? \u00bfQu\u00e9 es lo que hace TRITURY? \u00bfEs seguro usar TRITURY? \u00bfQu\u00e9 puede triturar TRITURY? \u00bfEs posible instalar TRITURY en cocinas peque\u00f1as? \u00bfTRITURY puede usarse en casas con c\u00e1mara s\u00e9ptica? \u00bfLos trituradores son ruidosos? \u00bfCu\u00e1nta agua y electricidad TRITURY usa? \u00bfLos trituradores de desechos org\u00e1nicos son durables? \u00bfQu\u00e9 sucedo...","protected":false},"author":1,"featured_media":0,"parent":0,"menu_order":0,"comment_status":"closed","ping_status":"closed","template":"","meta":{"_joinchat":[],"footnotes":""},"yoast_head":"<!-- This site is optimized with the Yoast SEO plugin v24.5 - https:\/\/yoast.com\/wordpress\/plugins\/seo\/ -->\n<title>Dudas - Tritury Tweeny<\/title>\n<meta name=\"robots\" content=\"index, follow, max-snippet:-1, max-image-preview:large, max-video-preview:-1\" \/>\n<link rel=\"canonical\" href=\"https:\/\/tritury.com.br\/es\/dudas\/\" \/>\n<meta property=\"og:locale\" content=\"es_ES\" \/>\n<meta property=\"og:type\" content=\"article\" \/>\n<meta property=\"og:title\" content=\"Dudas - Tritury Tweeny\" \/>\n<meta property=\"og:url\" content=\"https:\/\/tritury.com.br\/es\/dudas\/\" \/>\n<meta property=\"og:site_name\" content=\"Tritury Tweeny\" \/>\n<meta property=\"article:modified_time\" content=\"2018-06-02T21:19:02+00:00\" \/>\n<meta name=\"twitter:card\" content=\"summary_large_image\" \/>\n<meta name=\"twitter:label1\" content=\"Est. reading time\" \/>\n\t<meta name=\"twitter:data1\" content=\"7 minutes\" \/>\n<script type=\"application\/ld+json\" class=\"yoast-schema-graph\">{\"@context\":\"https:\/\/schema.org\",\"@graph\":[{\"@type\":\"WebPage\",\"@id\":\"https:\/\/tritury.com.br\/es\/dudas\/\",\"url\":\"https:\/\/tritury.com.br\/es\/dudas\/\",\"name\":\"Dudas - Tritury Tweeny\",\"isPartOf\":{\"@id\":\"https:\/\/tritury.com.br\/es\/#website\"},\"datePublished\":\"2016-10-16T19:54:43+00:00\",\"dateModified\":\"2018-06-02T21:19:02+00:00\",\"breadcrumb\":{\"@id\":\"https:\/\/tritury.com.br\/es\/dudas\/#breadcrumb\"},\"inLanguage\":\"es-ES\",\"potentialAction\":[{\"@type\":\"ReadAction\",\"target\":[\"https:\/\/tritury.com.br\/es\/dudas\/\"]}]},{\"@type\":\"BreadcrumbList\",\"@id\":\"https:\/\/tritury.com.br\/es\/dudas\/#breadcrumb\",\"itemListElement\":[{\"@type\":\"ListItem\",\"position\":1,\"name\":\"In\u00edcio\",\"item\":\"https:\/\/tritury.com.br\/es\/\"},{\"@type\":\"ListItem\",\"position\":2,\"name\":\"Dudas\"}]},{\"@type\":\"WebSite\",\"@id\":\"https:\/\/tritury.com.br\/es\/#website\",\"url\":\"https:\/\/tritury.com.br\/es\/\",\"name\":\"Tritury Tweeny\",\"description\":\"Trituradores de Desechos\",\"potentialAction\":[{\"@type\":\"SearchAction\",\"target\":{\"@type\":\"EntryPoint\",\"urlTemplate\":\"https:\/\/tritury.com.br\/es\/?s={search_term_string}\"},\"query-input\":{\"@type\":\"PropertyValueSpecification\",\"valueRequired\":true,\"valueName\":\"search_term_string\"}}],\"inLanguage\":\"es-ES\"}]}<\/script>\n<!-- \/ Yoast SEO plugin. -->","yoast_head_json":{"title":"Dudas - Tritury Tweeny","robots":{"index":"index","follow":"follow","max-snippet":"max-snippet:-1","max-image-preview":"max-image-preview:large","max-video-preview":"max-video-preview:-1"},"canonical":"https:\/\/tritury.com.br\/es\/dudas\/","og_locale":"es_ES","og_type":"article","og_title":"Dudas - Tritury Tweeny","og_url":"https:\/\/tritury.com.br\/es\/dudas\/","og_site_name":"Tritury Tweeny","article_modified_time":"2018-06-02T21:19:02+00:00","twitter_card":"summary_large_image","twitter_misc":{"Est. reading time":"7 minutes"},"schema":{"@context":"https:\/\/schema.org","@graph":[{"@type":"WebPage","@id":"https:\/\/tritury.com.br\/es\/dudas\/","url":"https:\/\/tritury.com.br\/es\/dudas\/","name":"Dudas - Tritury Tweeny","isPartOf":{"@id":"https:\/\/tritury.com.br\/es\/#website"},"datePublished":"2016-10-16T19:54:43+00:00","dateModified":"2018-06-02T21:19:02+00:00","breadcrumb":{"@id":"https:\/\/tritury.com.br\/es\/dudas\/#breadcrumb"},"inLanguage":"es-ES","potentialAction":[{"@type":"ReadAction","target":["https:\/\/tritury.com.br\/es\/dudas\/"]}]},{"@type":"BreadcrumbList","@id":"https:\/\/tritury.com.br\/es\/dudas\/#breadcrumb","itemListElement":[{"@type":"ListItem","position":1,"name":"In\u00edcio","item":"https:\/\/tritury.com.br\/es\/"},{"@type":"ListItem","position":2,"name":"Dudas"}]},{"@type":"WebSite","@id":"https:\/\/tritury.com.br\/es\/#website","url":"https:\/\/tritury.com.br\/es\/","name":"Tritury Tweeny","description":"Trituradores de Desechos","potentialAction":[{"@type":"SearchAction","target":{"@type":"EntryPoint","urlTemplate":"https:\/\/tritury.com.br\/es\/?s={search_term_string}"},"query-input":{"@type":"PropertyValueSpecification","valueRequired":true,"valueName":"search_term_string"}}],"inLanguage":"es-ES"}]}},"_links":{"self":[{"href":"https:\/\/tritury.com.br\/es\/wp-json\/wp\/v2\/pages\/2063"}],"collection":[{"href":"https:\/\/tritury.com.br\/es\/wp-json\/wp\/v2\/pages"}],"about":[{"href":"https:\/\/tritury.com.br\/es\/wp-json\/wp\/v2\/types\/page"}],"author":[{"embeddable":true,"href":"https:\/\/tritury.com.br\/es\/wp-json\/wp\/v2\/users\/1"}],"replies":[{"embeddable":true,"href":"https:\/\/tritury.com.br\/es\/wp-json\/wp\/v2\/comments?post=2063"}],"version-history":[{"count":3,"href":"https:\/\/tritury.com.br\/es\/wp-json\/wp\/v2\/pages\/2063\/revisions"}],"predecessor-version":[{"id":2743,"href":"https:\/\/tritury.com.br\/es\/wp-json\/wp\/v2\/pages\/2063\/revisions\/2743"}],"wp:attachment":[{"href":"https:\/\/tritury.com.br\/es\/wp-json\/wp\/v2\/media?parent=2063"}],"curies":[{"name":"wp","href":"https:\/\/api.w.org\/{rel}","templated":true}]}}