{"id":2051,"date":"2016-10-16T17:41:21","date_gmt":"2016-10-16T19:41:21","guid":{"rendered":"http:\/\/tritury.com.br\/?page_id=2051"},"modified":"2018-06-02T18:31:49","modified_gmt":"2018-06-02T21:31:49","slug":"empresa","status":"publish","type":"page","link":"https:\/\/tritury.com.br\/es\/empresa\/","title":{"rendered":"Empresa"},"content":{"rendered":"<section class=\"l-section wpb_row height_medium\"><div class=\"l-section-h i-cf\"><div class=\"g-cols offset_small\"><div class=\"vc_col-sm-3 wpb_column vc_column_container\"><div class=\"vc_column-inner\"><div class=\"w-image align_center\"><div class=\"us-frame\"><img loading=\"lazy\" decoding=\"async\" width=\"170\" height=\"253\" src=\"https:\/\/tritury.com.br\/es\/wp-content\/uploads\/sites\/3\/2016\/10\/tritury-40-anos.png\" class=\"attachment-full size-full\" alt=\"\" \/><\/div><\/div><\/div><\/div><div class=\"vc_col-sm-9 wpb_column vc_column_container\"><div class=\"vc_column-inner\"><div class=\"wpb_text_column \"><div class=\"wpb_wrapper\">\n<p style=\"text-align: justify;\">La empresa\u00a0<span style=\"color: #0076b4;\"><strong>Augusto Clementino Ind. e Com. Ltda<\/strong><\/span> fabrica, con el Know How ingl\u00e9s, equipamientos destinados a triturar desechos de alimentos dom\u00e9sticos, industriales, hospitalarios y navales, con alt\u00edsima calidad ofreciendo asistencia t\u00e9cnica en todos los equipamientos. \u00a0<span style=\"color: #0076b4;\"><strong>Tritury\u00ae Tweeny\u00ae<\/strong><\/span>\u00a0, l\u00edder nacional en el segmento de trituradores de residuos, es una empresa 100% brasilera, presente en el mercado desde 1974 y con una historia llena de conquistas. A lo largo de los a\u00f1os la empresa fue acompa\u00f1ando la evoluci\u00f3n tecnol\u00f3gica del sector. Se tratan de inversiones en infraestructura, adquisici\u00f3n de nuevos equipamientos y perfeccionamiento t\u00e9cnico del personal. Toda esta evoluci\u00f3n termina en los d\u00edas actuales, en que <span style=\"color: #0076b4;\"><strong>Tritury\u00ae Tweeny\u00ae<\/strong><\/span> reafirma el compromiso con sus clientes y ofrece equipamientos de alto nivel, tres a\u00f1os de garant\u00eda y mantenimiento permanente.<\/p>\n<p style=\"text-align: justify;\">La empresa recibe su nombre en homenaje al abuelo del propietario, diputado federal Augusto Clementino. El 13 de diciembre de 1883, hubo una votaci\u00f3n para la elecci\u00f3n de la nueva capital de Minas Gerais. El voto del desempate fue del Diputado Augusto Clementino dejando la votaci\u00f3n con 29 votos a favor y 28 en contra. As\u00ed, Belo Horizonte pas\u00f3 a ser la nueva capital de Minas Gerais.<\/p>\n<h3 style=\"text-align: justify;\">\u00a1IMPORTANTE!<\/h3>\n<p style=\"text-align: justify;\">La marca\u00a0<span style=\"color: #0076b4;\"><strong>Tweeny\u00ae<\/strong><\/span> registrada en el INPI por Augusto Clementino Ind y Cia. Ltda sufri\u00f3 a lo largo de estos a\u00f1os diversas falsificaciones, obligando a sus propietarios a crear otra marca, que opera y produce trituradores de desechos residenciales e industriales con la misma calidad. Por lo tanto, \u00a1cuidado!<\/p>\n<p style=\"text-align: justify;\">Los trituradores<strong> <span style=\"color: #0076b4;\">Tweeny\u00ae<\/span><\/strong> originales son fabricados en Belo Horizonte, MG.<\/p>\n<h3 style=\"text-align: justify;\">Pol\u00edtica de Calidad<\/h3>\n<p style=\"text-align: justify;\">Proporcionar productos adecuados a las necesidades de los clientes, garantizando su satisfacci\u00f3n y proporcionando un proceso de mejora continua del sistema de gesti\u00f3n de calidad.<\/p>\n<\/div> <\/div> <\/div><\/div><\/div><\/div><\/section><section class=\"l-section wpb_row height_medium color_secondary\"><div class=\"l-section-h i-cf\"><div class=\"g-cols offset_small\"><div class=\"vc_col-sm-12 wpb_column vc_column_container\"><div class=\"vc_column-inner\"><div class=\"w-btn-wrapper align_center\"><a class=\"w-btn style_outlined color_white icon_none\" href=\"http:\/\/tritury.com.br\/es\/beneficios\/\" style=\"font-size: 25px;\"><span class=\"w-btn-label\">CONOZCA LAS VENTAJAS DE TRITURY\u00ae TWEENY\u00ae Y SUS PRODUCTOS<\/span><\/a><\/div><\/div><\/div><\/div><\/div><\/section>\n","protected":false},"excerpt":{"rendered":"La empresa\u00a0Augusto Clementino Ind. e Com. Ltda fabrica, con el Know How ingl\u00e9s, equipamientos destinados a triturar desechos de alimentos dom\u00e9sticos, industriales, hospitalarios y navales, con alt\u00edsima calidad ofreciendo asistencia t\u00e9cnica en todos los equipamientos. \u00a0Tritury\u00ae Tweeny\u00ae\u00a0, l\u00edder nacional en el segmento de trituradores de residuos, es una empresa 100% brasilera, presente en el mercado...","protected":false},"author":1,"featured_media":0,"parent":0,"menu_order":0,"comment_status":"closed","ping_status":"closed","template":"","meta":{"_joinchat":[],"footnotes":""},"yoast_head":"<!-- This site is optimized with the Yoast SEO plugin v24.5 - https:\/\/yoast.com\/wordpress\/plugins\/seo\/ -->\n<title>Empresa - Tritury Tweeny<\/title>\n<meta name=\"robots\" content=\"index, follow, max-snippet:-1, max-image-preview:large, max-video-preview:-1\" \/>\n<link rel=\"canonical\" href=\"https:\/\/tritury.com.br\/es\/empresa\/\" \/>\n<meta property=\"og:locale\" content=\"es_ES\" \/>\n<meta property=\"og:type\" content=\"article\" \/>\n<meta property=\"og:title\" content=\"Empresa - Tritury Tweeny\" \/>\n<meta property=\"og:url\" content=\"https:\/\/tritury.com.br\/es\/empresa\/\" \/>\n<meta property=\"og:site_name\" content=\"Tritury Tweeny\" \/>\n<meta property=\"article:modified_time\" content=\"2018-06-02T21:31:49+00:00\" \/>\n<meta name=\"twitter:card\" content=\"summary_large_image\" \/>\n<meta name=\"twitter:label1\" content=\"Est. reading time\" \/>\n\t<meta name=\"twitter:data1\" content=\"2 minutes\" \/>\n<script type=\"application\/ld+json\" class=\"yoast-schema-graph\">{\"@context\":\"https:\/\/schema.org\",\"@graph\":[{\"@type\":\"WebPage\",\"@id\":\"https:\/\/tritury.com.br\/es\/empresa\/\",\"url\":\"https:\/\/tritury.com.br\/es\/empresa\/\",\"name\":\"Empresa - Tritury Tweeny\",\"isPartOf\":{\"@id\":\"https:\/\/tritury.com.br\/es\/#website\"},\"datePublished\":\"2016-10-16T19:41:21+00:00\",\"dateModified\":\"2018-06-02T21:31:49+00:00\",\"breadcrumb\":{\"@id\":\"https:\/\/tritury.com.br\/es\/empresa\/#breadcrumb\"},\"inLanguage\":\"es-ES\",\"potentialAction\":[{\"@type\":\"ReadAction\",\"target\":[\"https:\/\/tritury.com.br\/es\/empresa\/\"]}]},{\"@type\":\"BreadcrumbList\",\"@id\":\"https:\/\/tritury.com.br\/es\/empresa\/#breadcrumb\",\"itemListElement\":[{\"@type\":\"ListItem\",\"position\":1,\"name\":\"In\u00edcio\",\"item\":\"https:\/\/tritury.com.br\/es\/\"},{\"@type\":\"ListItem\",\"position\":2,\"name\":\"Empresa\"}]},{\"@type\":\"WebSite\",\"@id\":\"https:\/\/tritury.com.br\/es\/#website\",\"url\":\"https:\/\/tritury.com.br\/es\/\",\"name\":\"Tritury Tweeny\",\"description\":\"Trituradores de Desechos\",\"potentialAction\":[{\"@type\":\"SearchAction\",\"target\":{\"@type\":\"EntryPoint\",\"urlTemplate\":\"https:\/\/tritury.com.br\/es\/?s={search_term_string}\"},\"query-input\":{\"@type\":\"PropertyValueSpecification\",\"valueRequired\":true,\"valueName\":\"search_term_string\"}}],\"inLanguage\":\"es-ES\"}]}<\/script>\n<!-- \/ Yoast SEO plugin. -->","yoast_head_json":{"title":"Empresa - Tritury Tweeny","robots":{"index":"index","follow":"follow","max-snippet":"max-snippet:-1","max-image-preview":"max-image-preview:large","max-video-preview":"max-video-preview:-1"},"canonical":"https:\/\/tritury.com.br\/es\/empresa\/","og_locale":"es_ES","og_type":"article","og_title":"Empresa - Tritury Tweeny","og_url":"https:\/\/tritury.com.br\/es\/empresa\/","og_site_name":"Tritury Tweeny","article_modified_time":"2018-06-02T21:31:49+00:00","twitter_card":"summary_large_image","twitter_misc":{"Est. reading time":"2 minutes"},"schema":{"@context":"https:\/\/schema.org","@graph":[{"@type":"WebPage","@id":"https:\/\/tritury.com.br\/es\/empresa\/","url":"https:\/\/tritury.com.br\/es\/empresa\/","name":"Empresa - Tritury Tweeny","isPartOf":{"@id":"https:\/\/tritury.com.br\/es\/#website"},"datePublished":"2016-10-16T19:41:21+00:00","dateModified":"2018-06-02T21:31:49+00:00","breadcrumb":{"@id":"https:\/\/tritury.com.br\/es\/empresa\/#breadcrumb"},"inLanguage":"es-ES","potentialAction":[{"@type":"ReadAction","target":["https:\/\/tritury.com.br\/es\/empresa\/"]}]},{"@type":"BreadcrumbList","@id":"https:\/\/tritury.com.br\/es\/empresa\/#breadcrumb","itemListElement":[{"@type":"ListItem","position":1,"name":"In\u00edcio","item":"https:\/\/tritury.com.br\/es\/"},{"@type":"ListItem","position":2,"name":"Empresa"}]},{"@type":"WebSite","@id":"https:\/\/tritury.com.br\/es\/#website","url":"https:\/\/tritury.com.br\/es\/","name":"Tritury Tweeny","description":"Trituradores de Desechos","potentialAction":[{"@type":"SearchAction","target":{"@type":"EntryPoint","urlTemplate":"https:\/\/tritury.com.br\/es\/?s={search_term_string}"},"query-input":{"@type":"PropertyValueSpecification","valueRequired":true,"valueName":"search_term_string"}}],"inLanguage":"es-ES"}]}},"_links":{"self":[{"href":"https:\/\/tritury.com.br\/es\/wp-json\/wp\/v2\/pages\/2051"}],"collection":[{"href":"https:\/\/tritury.com.br\/es\/wp-json\/wp\/v2\/pages"}],"about":[{"href":"https:\/\/tritury.com.br\/es\/wp-json\/wp\/v2\/types\/page"}],"author":[{"embeddable":true,"href":"https:\/\/tritury.com.br\/es\/wp-json\/wp\/v2\/users\/1"}],"replies":[{"embeddable":true,"href":"https:\/\/tritury.com.br\/es\/wp-json\/wp\/v2\/comments?post=2051"}],"version-history":[{"count":3,"href":"https:\/\/tritury.com.br\/es\/wp-json\/wp\/v2\/pages\/2051\/revisions"}],"predecessor-version":[{"id":2751,"href":"https:\/\/tritury.com.br\/es\/wp-json\/wp\/v2\/pages\/2051\/revisions\/2751"}],"wp:attachment":[{"href":"https:\/\/tritury.com.br\/es\/wp-json\/wp\/v2\/media?parent=2051"}],"curies":[{"name":"wp","href":"https:\/\/api.w.org\/{rel}","templated":true}]}}