{"id":96,"date":"2016-08-30T10:03:47","date_gmt":"2016-08-30T13:03:47","guid":{"rendered":"http:\/\/template8.rockcontent.com\/?page_id=96"},"modified":"2016-10-13T16:06:47","modified_gmt":"2016-10-13T19:06:47","slug":"materiais-gratuitos","status":"publish","type":"page","link":"https:\/\/tritury.com.br\/blog\/materiais-gratuitos\/","title":{"rendered":"Materiais Gratuitos"},"content":{"rendered":"","protected":false},"excerpt":{"rendered":"","protected":false},"author":2,"featured_media":0,"parent":0,"menu_order":0,"comment_status":"closed","ping_status":"closed","template":"page-template-materiais.php","meta":{"footnotes":""},"class_list":["post-96","page","type-page","status-publish","hentry"],"yoast_head":"<!-- This site is optimized with the Yoast SEO plugin v27.4 - https:\/\/yoast.com\/product\/yoast-seo-wordpress\/ -->\n<title>Materiais Gratuitos - Blog Tritury: Trituradores de Res\u00edduos<\/title>\n<meta name=\"robots\" content=\"index, follow, max-snippet:-1, max-image-preview:large, max-video-preview:-1\" \/>\n<link rel=\"canonical\" href=\"https:\/\/tritury.com.br\/blog\/materiais-gratuitos\/\" \/>\n<meta property=\"og:locale\" content=\"pt_BR\" \/>\n<meta property=\"og:type\" content=\"article\" \/>\n<meta property=\"og:title\" content=\"Materiais Gratuitos - Blog Tritury: Trituradores de Res\u00edduos\" \/>\n<meta property=\"og:url\" content=\"https:\/\/tritury.com.br\/blog\/materiais-gratuitos\/\" \/>\n<meta property=\"og:site_name\" content=\"Blog Tritury: Trituradores de Res\u00edduos\" \/>\n<meta property=\"article:modified_time\" content=\"2016-10-13T19:06:47+00:00\" \/>\n<meta name=\"twitter:card\" content=\"summary_large_image\" \/>\n<script type=\"application\/ld+json\" class=\"yoast-schema-graph\">{\"@context\":\"https:\\\/\\\/schema.org\",\"@graph\":[{\"@type\":\"WebPage\",\"@id\":\"https:\\\/\\\/tritury.com.br\\\/blog\\\/materiais-gratuitos\\\/\",\"url\":\"https:\\\/\\\/tritury.com.br\\\/blog\\\/materiais-gratuitos\\\/\",\"name\":\"Materiais Gratuitos - Blog Tritury: Trituradores de Res\u00edduos\",\"isPartOf\":{\"@id\":\"https:\\\/\\\/tritury.com.br\\\/blog\\\/#website\"},\"datePublished\":\"2016-08-30T13:03:47+00:00\",\"dateModified\":\"2016-10-13T19:06:47+00:00\",\"breadcrumb\":{\"@id\":\"https:\\\/\\\/tritury.com.br\\\/blog\\\/materiais-gratuitos\\\/#breadcrumb\"},\"inLanguage\":\"pt-BR\",\"potentialAction\":[{\"@type\":\"ReadAction\",\"target\":[\"https:\\\/\\\/tritury.com.br\\\/blog\\\/materiais-gratuitos\\\/\"]}]},{\"@type\":\"BreadcrumbList\",\"@id\":\"https:\\\/\\\/tritury.com.br\\\/blog\\\/materiais-gratuitos\\\/#breadcrumb\",\"itemListElement\":[{\"@type\":\"ListItem\",\"position\":1,\"name\":\"In\u00edcio\",\"item\":\"https:\\\/\\\/tritury.com.br\\\/blog\\\/\"},{\"@type\":\"ListItem\",\"position\":2,\"name\":\"Materiais Gratuitos\"}]},{\"@type\":\"WebSite\",\"@id\":\"https:\\\/\\\/tritury.com.br\\\/blog\\\/#website\",\"url\":\"https:\\\/\\\/tritury.com.br\\\/blog\\\/\",\"name\":\"Blog Tritury: Trituradores de Res\u00edduos\",\"description\":\"Confira as not\u00edcias da Tritury Tweeny Trituradores de Res\u00edduos\",\"potentialAction\":[{\"@type\":\"SearchAction\",\"target\":{\"@type\":\"EntryPoint\",\"urlTemplate\":\"https:\\\/\\\/tritury.com.br\\\/blog\\\/?s={search_term_string}\"},\"query-input\":{\"@type\":\"PropertyValueSpecification\",\"valueRequired\":true,\"valueName\":\"search_term_string\"}}],\"inLanguage\":\"pt-BR\"}]}<\/script>\n<!-- \/ Yoast SEO plugin. -->","yoast_head_json":{"title":"Materiais Gratuitos - Blog Tritury: Trituradores de Res\u00edduos","robots":{"index":"index","follow":"follow","max-snippet":"max-snippet:-1","max-image-preview":"max-image-preview:large","max-video-preview":"max-video-preview:-1"},"canonical":"https:\/\/tritury.com.br\/blog\/materiais-gratuitos\/","og_locale":"pt_BR","og_type":"article","og_title":"Materiais Gratuitos - Blog Tritury: Trituradores de Res\u00edduos","og_url":"https:\/\/tritury.com.br\/blog\/materiais-gratuitos\/","og_site_name":"Blog Tritury: Trituradores de Res\u00edduos","article_modified_time":"2016-10-13T19:06:47+00:00","twitter_card":"summary_large_image","schema":{"@context":"https:\/\/schema.org","@graph":[{"@type":"WebPage","@id":"https:\/\/tritury.com.br\/blog\/materiais-gratuitos\/","url":"https:\/\/tritury.com.br\/blog\/materiais-gratuitos\/","name":"Materiais Gratuitos - Blog Tritury: Trituradores de Res\u00edduos","isPartOf":{"@id":"https:\/\/tritury.com.br\/blog\/#website"},"datePublished":"2016-08-30T13:03:47+00:00","dateModified":"2016-10-13T19:06:47+00:00","breadcrumb":{"@id":"https:\/\/tritury.com.br\/blog\/materiais-gratuitos\/#breadcrumb"},"inLanguage":"pt-BR","potentialAction":[{"@type":"ReadAction","target":["https:\/\/tritury.com.br\/blog\/materiais-gratuitos\/"]}]},{"@type":"BreadcrumbList","@id":"https:\/\/tritury.com.br\/blog\/materiais-gratuitos\/#breadcrumb","itemListElement":[{"@type":"ListItem","position":1,"name":"In\u00edcio","item":"https:\/\/tritury.com.br\/blog\/"},{"@type":"ListItem","position":2,"name":"Materiais Gratuitos"}]},{"@type":"WebSite","@id":"https:\/\/tritury.com.br\/blog\/#website","url":"https:\/\/tritury.com.br\/blog\/","name":"Blog Tritury: Trituradores de Res\u00edduos","description":"Confira as not\u00edcias da Tritury Tweeny Trituradores de Res\u00edduos","potentialAction":[{"@type":"SearchAction","target":{"@type":"EntryPoint","urlTemplate":"https:\/\/tritury.com.br\/blog\/?s={search_term_string}"},"query-input":{"@type":"PropertyValueSpecification","valueRequired":true,"valueName":"search_term_string"}}],"inLanguage":"pt-BR"}]}},"_links":{"self":[{"href":"https:\/\/tritury.com.br\/blog\/wp-json\/wp\/v2\/pages\/96","targetHints":{"allow":["GET"]}}],"collection":[{"href":"https:\/\/tritury.com.br\/blog\/wp-json\/wp\/v2\/pages"}],"about":[{"href":"https:\/\/tritury.com.br\/blog\/wp-json\/wp\/v2\/types\/page"}],"author":[{"embeddable":true,"href":"https:\/\/tritury.com.br\/blog\/wp-json\/wp\/v2\/users\/2"}],"replies":[{"embeddable":true,"href":"https:\/\/tritury.com.br\/blog\/wp-json\/wp\/v2\/comments?post=96"}],"version-history":[{"count":2,"href":"https:\/\/tritury.com.br\/blog\/wp-json\/wp\/v2\/pages\/96\/revisions"}],"predecessor-version":[{"id":109,"href":"https:\/\/tritury.com.br\/blog\/wp-json\/wp\/v2\/pages\/96\/revisions\/109"}],"wp:attachment":[{"href":"https:\/\/tritury.com.br\/blog\/wp-json\/wp\/v2\/media?parent=96"}],"curies":[{"name":"wp","href":"https:\/\/api.w.org\/{rel}","templated":true}]}}