{"id":67,"date":"2016-05-05T10:05:20","date_gmt":"2016-05-05T13:05:20","guid":{"rendered":"http:\/\/blogtemplate8.wpengine.com\/?page_id=67"},"modified":"2017-01-13T14:20:26","modified_gmt":"2017-01-13T17:20:26","slug":"tudo-sobre-o-marketing-de-conteudo","status":"publish","type":"page","link":"https:\/\/tritury.com.br\/blog\/","title":{"rendered":"Tudo sobre o Marketing de Conte\u00fado"},"content":{"rendered":"","protected":false},"excerpt":{"rendered":"","protected":false},"author":2,"featured_media":0,"parent":0,"menu_order":0,"comment_status":"closed","ping_status":"closed","template":"template-modules.php","meta":{"footnotes":""},"class_list":["post-67","page","type-page","status-publish","hentry"],"yoast_head":"<!-- This site is optimized with the Yoast SEO plugin v27.4 - https:\/\/yoast.com\/product\/yoast-seo-wordpress\/ -->\n<title>Blog Tritury: Trituradores de Res\u00edduos<\/title>\n<meta name=\"description\" content=\"Blog Tritury: dicas e informa\u00e7\u00f5es sobre como ter a cozinha dos seus sonhos, com eleg\u00e2ncia e comodidade.\" \/>\n<meta name=\"robots\" content=\"index, follow, max-snippet:-1, max-image-preview:large, max-video-preview:-1\" \/>\n<link rel=\"canonical\" href=\"https:\/\/tritury.com.br\/blog\/\" \/>\n<meta property=\"og:locale\" content=\"pt_BR\" \/>\n<meta property=\"og:type\" content=\"article\" \/>\n<meta property=\"og:title\" content=\"Blog Tritury: Trituradores de Res\u00edduos\" \/>\n<meta property=\"og:description\" content=\"Blog Tritury: dicas e informa\u00e7\u00f5es sobre como ter a cozinha dos seus sonhos, com eleg\u00e2ncia e comodidade.\" \/>\n<meta property=\"og:url\" content=\"https:\/\/tritury.com.br\/blog\/\" \/>\n<meta property=\"og:site_name\" content=\"Blog Tritury: Trituradores de Res\u00edduos\" \/>\n<meta property=\"article:modified_time\" content=\"2017-01-13T17:20:26+00:00\" \/>\n<meta name=\"twitter:card\" content=\"summary_large_image\" \/>\n<script type=\"application\/ld+json\" class=\"yoast-schema-graph\">{\"@context\":\"https:\\\/\\\/schema.org\",\"@graph\":[{\"@type\":\"WebPage\",\"@id\":\"https:\\\/\\\/tritury.com.br\\\/blog\\\/\",\"url\":\"https:\\\/\\\/tritury.com.br\\\/blog\\\/\",\"name\":\"Blog Tritury: Trituradores de Res\u00edduos\",\"isPartOf\":{\"@id\":\"https:\\\/\\\/tritury.com.br\\\/blog\\\/#website\"},\"datePublished\":\"2016-05-05T13:05:20+00:00\",\"dateModified\":\"2017-01-13T17:20:26+00:00\",\"description\":\"Blog Tritury: dicas e informa\u00e7\u00f5es sobre como ter a cozinha dos seus sonhos, com eleg\u00e2ncia e comodidade.\",\"breadcrumb\":{\"@id\":\"https:\\\/\\\/tritury.com.br\\\/blog\\\/#breadcrumb\"},\"inLanguage\":\"pt-BR\",\"potentialAction\":[{\"@type\":\"ReadAction\",\"target\":[\"https:\\\/\\\/tritury.com.br\\\/blog\\\/\"]}]},{\"@type\":\"BreadcrumbList\",\"@id\":\"https:\\\/\\\/tritury.com.br\\\/blog\\\/#breadcrumb\",\"itemListElement\":[{\"@type\":\"ListItem\",\"position\":1,\"name\":\"In\u00edcio\",\"item\":\"https:\\\/\\\/tritury.com.br\\\/blog\\\/\"},{\"@type\":\"ListItem\",\"position\":2,\"name\":\"Tudo sobre o Marketing de Conte\u00fado\"}]},{\"@type\":\"WebSite\",\"@id\":\"https:\\\/\\\/tritury.com.br\\\/blog\\\/#website\",\"url\":\"https:\\\/\\\/tritury.com.br\\\/blog\\\/\",\"name\":\"Blog Tritury: Trituradores de Res\u00edduos\",\"description\":\"Confira as not\u00edcias da Tritury Tweeny Trituradores de Res\u00edduos\",\"potentialAction\":[{\"@type\":\"SearchAction\",\"target\":{\"@type\":\"EntryPoint\",\"urlTemplate\":\"https:\\\/\\\/tritury.com.br\\\/blog\\\/?s={search_term_string}\"},\"query-input\":{\"@type\":\"PropertyValueSpecification\",\"valueRequired\":true,\"valueName\":\"search_term_string\"}}],\"inLanguage\":\"pt-BR\"}]}<\/script>\n<!-- \/ Yoast SEO plugin. -->","yoast_head_json":{"title":"Blog Tritury: Trituradores de Res\u00edduos","description":"Blog Tritury: dicas e informa\u00e7\u00f5es sobre como ter a cozinha dos seus sonhos, com eleg\u00e2ncia e comodidade.","robots":{"index":"index","follow":"follow","max-snippet":"max-snippet:-1","max-image-preview":"max-image-preview:large","max-video-preview":"max-video-preview:-1"},"canonical":"https:\/\/tritury.com.br\/blog\/","og_locale":"pt_BR","og_type":"article","og_title":"Blog Tritury: Trituradores de Res\u00edduos","og_description":"Blog Tritury: dicas e informa\u00e7\u00f5es sobre como ter a cozinha dos seus sonhos, com eleg\u00e2ncia e comodidade.","og_url":"https:\/\/tritury.com.br\/blog\/","og_site_name":"Blog Tritury: Trituradores de Res\u00edduos","article_modified_time":"2017-01-13T17:20:26+00:00","twitter_card":"summary_large_image","schema":{"@context":"https:\/\/schema.org","@graph":[{"@type":"WebPage","@id":"https:\/\/tritury.com.br\/blog\/","url":"https:\/\/tritury.com.br\/blog\/","name":"Blog Tritury: Trituradores de Res\u00edduos","isPartOf":{"@id":"https:\/\/tritury.com.br\/blog\/#website"},"datePublished":"2016-05-05T13:05:20+00:00","dateModified":"2017-01-13T17:20:26+00:00","description":"Blog Tritury: dicas e informa\u00e7\u00f5es sobre como ter a cozinha dos seus sonhos, com eleg\u00e2ncia e comodidade.","breadcrumb":{"@id":"https:\/\/tritury.com.br\/blog\/#breadcrumb"},"inLanguage":"pt-BR","potentialAction":[{"@type":"ReadAction","target":["https:\/\/tritury.com.br\/blog\/"]}]},{"@type":"BreadcrumbList","@id":"https:\/\/tritury.com.br\/blog\/#breadcrumb","itemListElement":[{"@type":"ListItem","position":1,"name":"In\u00edcio","item":"https:\/\/tritury.com.br\/blog\/"},{"@type":"ListItem","position":2,"name":"Tudo sobre o Marketing de Conte\u00fado"}]},{"@type":"WebSite","@id":"https:\/\/tritury.com.br\/blog\/#website","url":"https:\/\/tritury.com.br\/blog\/","name":"Blog Tritury: Trituradores de Res\u00edduos","description":"Confira as not\u00edcias da Tritury Tweeny Trituradores de Res\u00edduos","potentialAction":[{"@type":"SearchAction","target":{"@type":"EntryPoint","urlTemplate":"https:\/\/tritury.com.br\/blog\/?s={search_term_string}"},"query-input":{"@type":"PropertyValueSpecification","valueRequired":true,"valueName":"search_term_string"}}],"inLanguage":"pt-BR"}]}},"_links":{"self":[{"href":"https:\/\/tritury.com.br\/blog\/wp-json\/wp\/v2\/pages\/67","targetHints":{"allow":["GET"]}}],"collection":[{"href":"https:\/\/tritury.com.br\/blog\/wp-json\/wp\/v2\/pages"}],"about":[{"href":"https:\/\/tritury.com.br\/blog\/wp-json\/wp\/v2\/types\/page"}],"author":[{"embeddable":true,"href":"https:\/\/tritury.com.br\/blog\/wp-json\/wp\/v2\/users\/2"}],"replies":[{"embeddable":true,"href":"https:\/\/tritury.com.br\/blog\/wp-json\/wp\/v2\/comments?post=67"}],"version-history":[{"count":2,"href":"https:\/\/tritury.com.br\/blog\/wp-json\/wp\/v2\/pages\/67\/revisions"}],"predecessor-version":[{"id":94,"href":"https:\/\/tritury.com.br\/blog\/wp-json\/wp\/v2\/pages\/67\/revisions\/94"}],"wp:attachment":[{"href":"https:\/\/tritury.com.br\/blog\/wp-json\/wp\/v2\/media?parent=67"}],"curies":[{"name":"wp","href":"https:\/\/api.w.org\/{rel}","templated":true}]}}